{"id":19,"date":"2013-10-04T12:44:02","date_gmt":"2013-10-04T12:44:02","guid":{"rendered":"http:\/\/furnitureindustry.ee\/?page_id=19"},"modified":"2026-03-12T11:29:15","modified_gmt":"2026-03-12T09:29:15","slug":"moobliliit-2","status":"publish","type":"page","link":"https:\/\/furnitureindustry.ee\/en\/moobliliit-2\/","title":{"rendered":"Estonian Furniture Industry Association"},"content":{"rendered":"<p><strong data-start=\"483\" data-end=\"519\">Estonian Furniture Industry Association (EMTL)<\/strong> has been established to strengthen the position, visibility, and competitiveness of its members \u2013 in Estonia, across Europe, and globally. We bring together companies in the furniture and interior sector, educators, suppliers, and industry partners whose shared goal is to develop the sector as a whole and increase the impact of each member.<\/p>\n\n\n\n<p>EMTL stands alongside its members \u2013 both in day-to-day matters and in strategic development. We create a strong platform for collaboration where knowledge is shared, practical challenges are addressed, and the future is shaped together. We provide meaningful support to our members through training, development activities, information exchange, cooperation in vocational education, and an international network.<\/p>\n\n\n\n<div class=\"wp-block-group ikoonirida is-layout-grid wp-container-core-group-is-layout-1 wp-block-group-is-layout-grid\">\n<figure class=\"wp-block-image size-full\"><a href=\"https:\/\/furnitureindustry.ee\/wp-content\/uploads\/2026\/03\/Kuj.-Ikoon-liiget-1.png\"><img loading=\"lazy\" decoding=\"async\" width=\"512\" height=\"512\" src=\"https:\/\/furnitureindustry.ee\/wp-content\/uploads\/2026\/03\/Kuj.-Ikoon-liiget-1.png\" alt=\"\" class=\"wp-image-7493\" srcset=\"https:\/\/furnitureindustry.ee\/wp-content\/uploads\/2026\/03\/Kuj.-Ikoon-liiget-1.png 512w, https:\/\/furnitureindustry.ee\/wp-content\/uploads\/2026\/03\/Kuj.-Ikoon-liiget-1-300x300.png 300w, https:\/\/furnitureindustry.ee\/wp-content\/uploads\/2026\/03\/Kuj.-Ikoon-liiget-1-150x150.png 150w, https:\/\/furnitureindustry.ee\/wp-content\/uploads\/2026\/03\/Kuj.-Ikoon-liiget-1-50x50.png 50w, https:\/\/furnitureindustry.ee\/wp-content\/uploads\/2026\/03\/Kuj.-Ikoon-liiget-1-140x140.png 140w\" sizes=\"auto, (max-width: 512px) 100vw, 512px\" \/><\/a><\/figure>\n\n\n\n<figure class=\"wp-block-image size-full\"><a href=\"https:\/\/furnitureindustry.ee\/wp-content\/uploads\/2025\/08\/Ikoon-eksport-1.png\"><img loading=\"lazy\" decoding=\"async\" width=\"512\" height=\"512\" src=\"https:\/\/furnitureindustry.ee\/wp-content\/uploads\/2025\/08\/Ikoon-eksport-1.png\" alt=\"\" class=\"wp-image-6537\" srcset=\"https:\/\/furnitureindustry.ee\/wp-content\/uploads\/2025\/08\/Ikoon-eksport-1.png 512w, https:\/\/furnitureindustry.ee\/wp-content\/uploads\/2025\/08\/Ikoon-eksport-1-300x300.png 300w, https:\/\/furnitureindustry.ee\/wp-content\/uploads\/2025\/08\/Ikoon-eksport-1-150x150.png 150w, https:\/\/furnitureindustry.ee\/wp-content\/uploads\/2025\/08\/Ikoon-eksport-1-50x50.png 50w, https:\/\/furnitureindustry.ee\/wp-content\/uploads\/2025\/08\/Ikoon-eksport-1-140x140.png 140w, https:\/\/furnitureindustry.ee\/wp-content\/uploads\/2025\/08\/Ikoon-eksport-1-100x100.png 100w\" sizes=\"auto, (max-width: 512px) 100vw, 512px\" \/><\/a><\/figure>\n\n\n\n<figure class=\"wp-block-image size-full\"><a href=\"https:\/\/furnitureindustry.ee\/wp-content\/uploads\/2025\/09\/Ikoon-aastast-2.png\"><img loading=\"lazy\" decoding=\"async\" width=\"512\" height=\"512\" src=\"https:\/\/furnitureindustry.ee\/wp-content\/uploads\/2025\/09\/Ikoon-aastast-2.png\" alt=\"\" class=\"wp-image-6800\" srcset=\"https:\/\/furnitureindustry.ee\/wp-content\/uploads\/2025\/09\/Ikoon-aastast-2.png 512w, https:\/\/furnitureindustry.ee\/wp-content\/uploads\/2025\/09\/Ikoon-aastast-2-300x300.png 300w, https:\/\/furnitureindustry.ee\/wp-content\/uploads\/2025\/09\/Ikoon-aastast-2-150x150.png 150w, https:\/\/furnitureindustry.ee\/wp-content\/uploads\/2025\/09\/Ikoon-aastast-2-50x50.png 50w, https:\/\/furnitureindustry.ee\/wp-content\/uploads\/2025\/09\/Ikoon-aastast-2-140x140.png 140w\" sizes=\"auto, (max-width: 512px) 100vw, 512px\" \/><\/a><\/figure>\n\n\n\n<figure class=\"wp-block-image size-full\"><a href=\"https:\/\/furnitureindustry.ee\/wp-content\/uploads\/2025\/08\/ikoon-harisusasutust.png\"><img loading=\"lazy\" decoding=\"async\" width=\"512\" height=\"512\" src=\"https:\/\/furnitureindustry.ee\/wp-content\/uploads\/2025\/08\/ikoon-harisusasutust.png\" alt=\"\" class=\"wp-image-6546\" srcset=\"https:\/\/furnitureindustry.ee\/wp-content\/uploads\/2025\/08\/ikoon-harisusasutust.png 512w, https:\/\/furnitureindustry.ee\/wp-content\/uploads\/2025\/08\/ikoon-harisusasutust-300x300.png 300w, https:\/\/furnitureindustry.ee\/wp-content\/uploads\/2025\/08\/ikoon-harisusasutust-150x150.png 150w, https:\/\/furnitureindustry.ee\/wp-content\/uploads\/2025\/08\/ikoon-harisusasutust-50x50.png 50w, https:\/\/furnitureindustry.ee\/wp-content\/uploads\/2025\/08\/ikoon-harisusasutust-140x140.png 140w, https:\/\/furnitureindustry.ee\/wp-content\/uploads\/2025\/08\/ikoon-harisusasutust-100x100.png 100w\" sizes=\"auto, (max-width: 512px) 100vw, 512px\" \/><\/a><\/figure>\n<\/div>\n\n\n\n<p>We represent the interests of the sector in policymaking, standard development, and national development plans. Through us, our members\u2019 voice reaches ministries, parliament, the media, and international platforms.<\/p>\n\n\n\n<p>Through the activities of the association, members can participate in trade fairs, market research, funding applications, and practical training programmes (including circular economy, ESG, digitalisation, export, and AI). At the core of our work is always the benefit of our members \u2013 achieving together what would be difficult to accomplish alone.<\/p>\n\n\n\n<p><strong data-start=\"1774\" data-end=\"1825\">EMTL stands for belonging, trust, and opportunity.<\/strong> Membership provides support, visibility, and partnerships that contribute to both business and societal success.<\/p>\n\n\n\n<figure class=\"wp-block-gallery has-nested-images columns-default is-cropped wp-block-gallery-1 is-layout-flex wp-block-gallery-is-layout-flex\">\n<figure class=\"wp-block-image size-full\"><a href=\"https:\/\/furnitureindustry.ee\/wp-content\/uploads\/2025\/09\/tootmine-1.png\"><img loading=\"lazy\" decoding=\"async\" width=\"351\" height=\"100\" data-id=\"6809\" src=\"https:\/\/furnitureindustry.ee\/wp-content\/uploads\/2025\/09\/tootmine-1.png\" alt=\"\" class=\"wp-image-6809\" srcset=\"https:\/\/furnitureindustry.ee\/wp-content\/uploads\/2025\/09\/tootmine-1.png 351w, https:\/\/furnitureindustry.ee\/wp-content\/uploads\/2025\/09\/tootmine-1-300x85.png 300w, https:\/\/furnitureindustry.ee\/wp-content\/uploads\/2025\/09\/tootmine-1-160x46.png 160w, https:\/\/furnitureindustry.ee\/wp-content\/uploads\/2025\/09\/tootmine-1-140x40.png 140w\" sizes=\"auto, (max-width: 351px) 100vw, 351px\" \/><\/a><\/figure>\n<\/figure>\n\n\n\n<h2 class=\"wp-block-heading\">EMTL values<\/h2>\n\n\n\n<p>Our activities are guided by five core values \u2013 <strong>ambition, collaboration, innovation, reliability, and strong representation<\/strong> \u2013 which together form the foundation for the strength and sustainable development of the Estonian furniture industry.<\/p>\n\n\n\n<div class=\"wp-block-group ikoonirida-5 is-layout-grid wp-container-core-group-is-layout-2 wp-block-group-is-layout-grid\">\n<figure class=\"wp-block-image size-full\"><a href=\"https:\/\/furnitureindustry.ee\/wp-content\/uploads\/2025\/09\/Ambitsioonikus.png\"><img loading=\"lazy\" decoding=\"async\" width=\"200\" height=\"200\" src=\"https:\/\/furnitureindustry.ee\/wp-content\/uploads\/2025\/09\/Ambitsioonikus.png\" alt=\"\" class=\"wp-image-6812\" srcset=\"https:\/\/furnitureindustry.ee\/wp-content\/uploads\/2025\/09\/Ambitsioonikus.png 200w, https:\/\/furnitureindustry.ee\/wp-content\/uploads\/2025\/09\/Ambitsioonikus-150x150.png 150w, https:\/\/furnitureindustry.ee\/wp-content\/uploads\/2025\/09\/Ambitsioonikus-50x50.png 50w, https:\/\/furnitureindustry.ee\/wp-content\/uploads\/2025\/09\/Ambitsioonikus-140x140.png 140w\" sizes=\"auto, (max-width: 200px) 100vw, 200px\" \/><\/a><\/figure>\n\n\n\n<figure class=\"wp-block-gallery has-nested-images columns-default is-cropped wp-block-gallery-2 is-layout-flex wp-block-gallery-is-layout-flex\">\n<figure class=\"wp-block-image size-full\"><a href=\"https:\/\/furnitureindustry.ee\/wp-content\/uploads\/2025\/09\/Koostoo.png\"><img loading=\"lazy\" decoding=\"async\" width=\"200\" height=\"200\" src=\"https:\/\/furnitureindustry.ee\/wp-content\/uploads\/2025\/09\/Koostoo.png\" alt=\"\" class=\"wp-image-6813\" srcset=\"https:\/\/furnitureindustry.ee\/wp-content\/uploads\/2025\/09\/Koostoo.png 200w, https:\/\/furnitureindustry.ee\/wp-content\/uploads\/2025\/09\/Koostoo-150x150.png 150w, https:\/\/furnitureindustry.ee\/wp-content\/uploads\/2025\/09\/Koostoo-50x50.png 50w, https:\/\/furnitureindustry.ee\/wp-content\/uploads\/2025\/09\/Koostoo-140x140.png 140w\" sizes=\"auto, (max-width: 200px) 100vw, 200px\" \/><\/a><\/figure>\n<\/figure>\n\n\n\n<figure class=\"wp-block-image size-full\"><a href=\"https:\/\/furnitureindustry.ee\/wp-content\/uploads\/2025\/09\/Innovatsioon.png\"><img loading=\"lazy\" decoding=\"async\" width=\"200\" height=\"200\" src=\"https:\/\/furnitureindustry.ee\/wp-content\/uploads\/2025\/09\/Innovatsioon.png\" alt=\"\" class=\"wp-image-6814\" srcset=\"https:\/\/furnitureindustry.ee\/wp-content\/uploads\/2025\/09\/Innovatsioon.png 200w, https:\/\/furnitureindustry.ee\/wp-content\/uploads\/2025\/09\/Innovatsioon-150x150.png 150w, https:\/\/furnitureindustry.ee\/wp-content\/uploads\/2025\/09\/Innovatsioon-50x50.png 50w, https:\/\/furnitureindustry.ee\/wp-content\/uploads\/2025\/09\/Innovatsioon-140x140.png 140w\" sizes=\"auto, (max-width: 200px) 100vw, 200px\" \/><\/a><\/figure>\n\n\n\n<figure class=\"wp-block-gallery has-nested-images columns-default is-cropped wp-block-gallery-3 is-layout-flex wp-block-gallery-is-layout-flex\">\n<figure class=\"wp-block-image size-full is-style-default\"><a href=\"https:\/\/furnitureindustry.ee\/wp-content\/uploads\/2025\/09\/Usaldusvaarsus-1.png\"><img loading=\"lazy\" decoding=\"async\" width=\"200\" height=\"200\" src=\"https:\/\/furnitureindustry.ee\/wp-content\/uploads\/2025\/09\/Usaldusvaarsus-1.png\" alt=\"\" class=\"wp-image-6816\" srcset=\"https:\/\/furnitureindustry.ee\/wp-content\/uploads\/2025\/09\/Usaldusvaarsus-1.png 200w, https:\/\/furnitureindustry.ee\/wp-content\/uploads\/2025\/09\/Usaldusvaarsus-1-150x150.png 150w, https:\/\/furnitureindustry.ee\/wp-content\/uploads\/2025\/09\/Usaldusvaarsus-1-50x50.png 50w, https:\/\/furnitureindustry.ee\/wp-content\/uploads\/2025\/09\/Usaldusvaarsus-1-140x140.png 140w\" sizes=\"auto, (max-width: 200px) 100vw, 200px\" \/><\/a><\/figure>\n<\/figure>\n\n\n\n<figure class=\"wp-block-image size-full\"><a href=\"https:\/\/furnitureindustry.ee\/wp-content\/uploads\/2025\/09\/Esindusjoud.png\"><img loading=\"lazy\" decoding=\"async\" width=\"200\" height=\"200\" src=\"https:\/\/furnitureindustry.ee\/wp-content\/uploads\/2025\/09\/Esindusjoud.png\" alt=\"\" class=\"wp-image-6817\" srcset=\"https:\/\/furnitureindustry.ee\/wp-content\/uploads\/2025\/09\/Esindusjoud.png 200w, https:\/\/furnitureindustry.ee\/wp-content\/uploads\/2025\/09\/Esindusjoud-150x150.png 150w, https:\/\/furnitureindustry.ee\/wp-content\/uploads\/2025\/09\/Esindusjoud-50x50.png 50w, https:\/\/furnitureindustry.ee\/wp-content\/uploads\/2025\/09\/Esindusjoud-140x140.png 140w\" sizes=\"auto, (max-width: 200px) 100vw, 200px\" \/><\/a><\/figure>\n<\/div>\n\n\n\n<ul class=\"wp-block-list\">\n<li><strong>Ambition<\/strong> \u2013 we set high goals and move towards them with determination.<\/li>\n\n\n\n<li><strong>Collaboration <\/strong>\u2013 we believe the greatest impact is achieved by working towards shared goals.<\/li>\n\n\n\n<li><strong>Innovation<\/strong> \u2013 we value smart solutions, design, and technological development.<\/li>\n\n\n\n<li><strong>Reliability<\/strong> \u2013 we act transparently, professionally, and inclusively.<\/li>\n\n\n\n<li><strong>Advocacy<\/strong> \u2013 we stand for the interests of our members and the entire sector, both in Estonia and internationally.<\/li>\n<\/ul>","protected":false},"excerpt":{"rendered":"<p>Eesti M\u00f6\u00f6blitootjate Liit (EMTL) on loodud selleks, et tugevdada oma liikmete positsiooni, n\u00e4htavust ja konkurentsiv\u00f5imet \u2013 Eestis, Euroopas ja mujal maailmas. Me \u00fchendame m\u00f6\u00f6bli- ja sisustust\u00f6\u00f6stuse ettev\u00f5tted, koolitajad, tarnijad ning valdkonna partnerid, kelle \u00fchine eesm\u00e4rk on arendada kogu sektorit ja kasvatada iga liikme m\u00f5ju. EMTL seisab oma liikmete k\u00f5rval \u2013 nii igap\u00e4evastes k\u00fcsimustes kui strateegilistes [&hellip;]<\/p>\n","protected":false},"author":3,"featured_media":0,"parent":0,"menu_order":1,"comment_status":"open","ping_status":"open","template":"","meta":{"_mi_skip_tracking":false,"_exactmetrics_sitenote_active":false,"_exactmetrics_sitenote_note":"","_exactmetrics_sitenote_category":0,"footnotes":""},"class_list":["post-19","page","type-page","status-publish","hentry"],"_links":{"self":[{"href":"https:\/\/furnitureindustry.ee\/en\/wp-json\/wp\/v2\/pages\/19","targetHints":{"allow":["GET"]}}],"collection":[{"href":"https:\/\/furnitureindustry.ee\/en\/wp-json\/wp\/v2\/pages"}],"about":[{"href":"https:\/\/furnitureindustry.ee\/en\/wp-json\/wp\/v2\/types\/page"}],"author":[{"embeddable":true,"href":"https:\/\/furnitureindustry.ee\/en\/wp-json\/wp\/v2\/users\/3"}],"replies":[{"embeddable":true,"href":"https:\/\/furnitureindustry.ee\/en\/wp-json\/wp\/v2\/comments?post=19"}],"version-history":[{"count":53,"href":"https:\/\/furnitureindustry.ee\/en\/wp-json\/wp\/v2\/pages\/19\/revisions"}],"predecessor-version":[{"id":7494,"href":"https:\/\/furnitureindustry.ee\/en\/wp-json\/wp\/v2\/pages\/19\/revisions\/7494"}],"wp:attachment":[{"href":"https:\/\/furnitureindustry.ee\/en\/wp-json\/wp\/v2\/media?parent=19"}],"curies":[{"name":"wp","href":"https:\/\/api.w.org\/{rel}","templated":true}]}}