{"id":2013,"date":"2015-11-18T12:17:41","date_gmt":"2015-11-18T10:17:41","guid":{"rendered":"http:\/\/furnitureindustry.ee\/?page_id=2013"},"modified":"2017-10-12T00:24:58","modified_gmt":"2017-10-11T21:24:58","slug":"partnerid","status":"publish","type":"page","link":"https:\/\/furnitureindustry.ee\/en\/partnerid\/","title":{"rendered":"Partners"},"content":{"rendered":"<p><strong>A partner may:<\/strong><\/p>\n<ul>\n<li>Enter into a cooperation agreement with the Estonian Furniture Industry Association for a specific joint activity carried out over a defined period;<\/li>\n<li>Be involved with the Estonian Furniture Industry Association during the implementation period of a joint project;<\/li>\n<li>Teha Eesti M\u00f6\u00f6blitootjate Liiduga koost\u00f6\u00f6d \u00fchekordsete \u00fcrituste raames (n\u00e4iteks \u2013 \u00fchisseminar, konverents).<\/li>\n<\/ul>\n<p><strong>The Estonian Furniture Industry Association collaborates with partners in order to:<\/strong><\/p>\n<ul>\n<li>Provide broader opportunities for its members;<\/li>\n<li>Enhance the reputation of the Estonian Furniture Industry Association and the industry, while also raising awareness of its challenges;<\/li>\n<li>Address many issues more efficiently and with fewer resources;<\/li>\n<li>Focus on core professional issues without being distracted by the numerous matters of adjacent fields.<\/li>\n<\/ul>","protected":false},"excerpt":{"rendered":"<p>Partner v\u00f5ib: S\u00f5lmida Eesti\u00a0M\u00f6\u00f6blitootjate Liiduga\u00a0koost\u00f6\u00f6lepingu teatud perioodil toimuva konkreetse \u00fchistegevuse kohta; Olla seotud Eesti M\u00f6\u00f6blitootjate Liiduga \u00fchisprojekti teostamise perioodil; Teha Eesti M\u00f6\u00f6blitootjate Liiduga koost\u00f6\u00f6d \u00fchekordsete \u00fcrituste raames (n\u00e4iteks \u2013 \u00fchisseminar, konverents). Partneritega teeb Eesti M\u00f6\u00f6blitootjate Liit koost\u00f6\u00f6d, et: Pakkuda oma liikmetele laiemaid v\u00f5imalusi; T\u00f5sta Eesti M\u00f6\u00f6blitootjate Liidu ja t\u00f6\u00f6stusharu mainet ning teadvustada ka oma probleeme; [&hellip;]<\/p>\n","protected":false},"author":3,"featured_media":0,"parent":0,"menu_order":0,"comment_status":"closed","ping_status":"closed","template":"","meta":{"_mi_skip_tracking":false,"_exactmetrics_sitenote_active":false,"_exactmetrics_sitenote_note":"","_exactmetrics_sitenote_category":0,"footnotes":""},"class_list":["post-2013","page","type-page","status-publish","hentry"],"_links":{"self":[{"href":"https:\/\/furnitureindustry.ee\/en\/wp-json\/wp\/v2\/pages\/2013","targetHints":{"allow":["GET"]}}],"collection":[{"href":"https:\/\/furnitureindustry.ee\/en\/wp-json\/wp\/v2\/pages"}],"about":[{"href":"https:\/\/furnitureindustry.ee\/en\/wp-json\/wp\/v2\/types\/page"}],"author":[{"embeddable":true,"href":"https:\/\/furnitureindustry.ee\/en\/wp-json\/wp\/v2\/users\/3"}],"replies":[{"embeddable":true,"href":"https:\/\/furnitureindustry.ee\/en\/wp-json\/wp\/v2\/comments?post=2013"}],"version-history":[{"count":3,"href":"https:\/\/furnitureindustry.ee\/en\/wp-json\/wp\/v2\/pages\/2013\/revisions"}],"predecessor-version":[{"id":4202,"href":"https:\/\/furnitureindustry.ee\/en\/wp-json\/wp\/v2\/pages\/2013\/revisions\/4202"}],"wp:attachment":[{"href":"https:\/\/furnitureindustry.ee\/en\/wp-json\/wp\/v2\/media?parent=2013"}],"curies":[{"name":"wp","href":"https:\/\/api.w.org\/{rel}","templated":true}]}}