{"id":2065,"date":"2015-11-19T01:27:58","date_gmt":"2015-11-18T23:27:58","guid":{"rendered":"http:\/\/furnitureindustry.ee\/?page_id=2065"},"modified":"2015-12-02T12:21:20","modified_gmt":"2015-12-02T10:21:20","slug":"uuringud","status":"publish","type":"page","link":"https:\/\/furnitureindustry.ee\/en\/uuringud\/","title":{"rendered":"Uuringud"},"content":{"rendered":"<p><a href=\"http:\/\/furnitureindustry.ee\/wp-content\/uploads\/2015\/11\/3920.pdf\" target=\"_blank\">Eesti Puidu- ja M\u00f6\u00f6blit\u00f6\u00f6stuse sektoruuring 1999<\/a><\/p>\n<p><a href=\"http:\/\/furnitureindustry.ee\/wp-content\/uploads\/2015\/11\/MoobelSektor902.pdf\" target=\"_blank\">Eesti M\u00f6\u00f6blit\u00f6\u00f6stuse sektoruuring 2009<\/a><\/p>\n<p><a href=\"http:\/\/furnitureindustry.ee\/wp-content\/uploads\/2015\/11\/MoeoebelSektor2015.pdf\" target=\"_blank\">Eesti M\u00f6\u00f6blit\u00f6\u00f6stuse sektoruuring 2015 detailne<\/a><\/p>\n<p><a href=\"http:\/\/furnitureindustry.ee\/wp-content\/uploads\/2015\/11\/PWP-moobel-2015a.pdf\" target=\"_blank\">Eesti M\u00f6\u00f6blit\u00f6\u00f6stuse Sektoruuring 2015<\/a><\/p>","protected":false},"excerpt":{"rendered":"<p>Eesti Puidu- ja M\u00f6\u00f6blit\u00f6\u00f6stuse sektoruuring 1999 Eesti M\u00f6\u00f6blit\u00f6\u00f6stuse sektoruuring 2009 Eesti M\u00f6\u00f6blit\u00f6\u00f6stuse sektoruuring 2015 detailne Eesti M\u00f6\u00f6blit\u00f6\u00f6stuse Sektoruuring 2015<\/p>","protected":false},"author":3,"featured_media":0,"parent":0,"menu_order":0,"comment_status":"closed","ping_status":"closed","template":"","meta":{"_mi_skip_tracking":false,"_exactmetrics_sitenote_active":false,"_exactmetrics_sitenote_note":"","_exactmetrics_sitenote_category":0,"footnotes":""},"class_list":["post-2065","page","type-page","status-publish","hentry"],"_links":{"self":[{"href":"https:\/\/furnitureindustry.ee\/en\/wp-json\/wp\/v2\/pages\/2065","targetHints":{"allow":["GET"]}}],"collection":[{"href":"https:\/\/furnitureindustry.ee\/en\/wp-json\/wp\/v2\/pages"}],"about":[{"href":"https:\/\/furnitureindustry.ee\/en\/wp-json\/wp\/v2\/types\/page"}],"author":[{"embeddable":true,"href":"https:\/\/furnitureindustry.ee\/en\/wp-json\/wp\/v2\/users\/3"}],"replies":[{"embeddable":true,"href":"https:\/\/furnitureindustry.ee\/en\/wp-json\/wp\/v2\/comments?post=2065"}],"version-history":[{"count":7,"href":"https:\/\/furnitureindustry.ee\/en\/wp-json\/wp\/v2\/pages\/2065\/revisions"}],"predecessor-version":[{"id":2498,"href":"https:\/\/furnitureindustry.ee\/en\/wp-json\/wp\/v2\/pages\/2065\/revisions\/2498"}],"wp:attachment":[{"href":"https:\/\/furnitureindustry.ee\/en\/wp-json\/wp\/v2\/media?parent=2065"}],"curies":[{"name":"wp","href":"https:\/\/api.w.org\/{rel}","templated":true}]}}