{"id":2077,"date":"2015-11-19T02:11:36","date_gmt":"2015-11-19T00:11:36","guid":{"rendered":"http:\/\/furnitureindustry.ee\/?page_id=2077"},"modified":"2025-11-07T16:26:41","modified_gmt":"2025-11-07T14:26:41","slug":"praktikakohad","status":"publish","type":"page","link":"https:\/\/furnitureindustry.ee\/en\/praktikakohad\/","title":{"rendered":"Internship"},"content":{"rendered":"<p>Kas otsid praktikakohta, kus saaksid oma oskusi p\u00e4riselt proovile panna?<br>V\u00f5ta meiega \u00fchendust \u2013 aitame Sul leida ettev\u00f5tte, kus \u00f5ppimine ja t\u00f6\u00f6 k\u00e4ivad k\u00e4sik\u00e4es.<\/p>\n\n\n\n<p>Meie liikmed on Eesti m\u00f6\u00f6blit\u00f6\u00f6stuse tuum \u2013 loovad, uuendusmeelsed ja uhked oma t\u00f6\u00f6 \u00fcle.<br>Praktika nende juures ei ole lihtsalt t\u00f6\u00f6 \u2013 see on <strong>v\u00f5imalus n\u00e4ha, kuidas s\u00fcnnivad ideed, tooted, disain ja tuleviku m\u00f6\u00f6bel.<\/strong><\/p>\n\n\n\n<figure class=\"wp-block-image size-large\"><a href=\"https:\/\/furnitureindustry.ee\/wp-content\/uploads\/2025\/11\/parim-praktika.png\"><img loading=\"lazy\" decoding=\"async\" width=\"1024\" height=\"576\" src=\"https:\/\/furnitureindustry.ee\/wp-content\/uploads\/2025\/11\/parim-praktika-1024x576.png\" alt=\"\" class=\"wp-image-6996\" srcset=\"https:\/\/furnitureindustry.ee\/wp-content\/uploads\/2025\/11\/parim-praktika-1024x576.png 1024w, https:\/\/furnitureindustry.ee\/wp-content\/uploads\/2025\/11\/parim-praktika-300x169.png 300w, https:\/\/furnitureindustry.ee\/wp-content\/uploads\/2025\/11\/parim-praktika-768x432.png 768w, https:\/\/furnitureindustry.ee\/wp-content\/uploads\/2025\/11\/parim-praktika-89x50.png 89w, https:\/\/furnitureindustry.ee\/wp-content\/uploads\/2025\/11\/parim-praktika-140x79.png 140w, https:\/\/furnitureindustry.ee\/wp-content\/uploads\/2025\/11\/parim-praktika-540x304.png 540w, https:\/\/furnitureindustry.ee\/wp-content\/uploads\/2025\/11\/parim-praktika.png 1366w\" sizes=\"auto, (max-width: 1024px) 100vw, 1024px\" \/><\/a><\/figure>\n\n\n\n<p>Anna meile teada, millisel erialal soovid kogemust omandada \u2013 ja me viime Sinu soovi nende ettev\u00f5teteni, kes kujundavad Eesti m\u00f6\u00f6blit\u00f6\u00f6stuse tulevikku. Meie liikmete seas on tegijad, kelle t\u00f6\u00f6 j\u00f5uab kodudesse, koolidesse, kontoritesse, hotellidesse ja avalikudesse ruumidesse \u00fcle maailma. Praktika nende juures annab Sulle v\u00f5imaluse kasvada oskustest meistritasemeni ja olla osa valdkonnast, mis p\u00e4riselt loob midagi kestvat.<\/p>","protected":false},"excerpt":{"rendered":"<p>Kas otsid praktikakohta, kus saaksid oma oskusi p\u00e4riselt proovile panna?V\u00f5ta meiega \u00fchendust \u2013 aitame Sul leida ettev\u00f5tte, kus \u00f5ppimine ja t\u00f6\u00f6 k\u00e4ivad k\u00e4sik\u00e4es. Meie liikmed on Eesti m\u00f6\u00f6blit\u00f6\u00f6stuse tuum \u2013 loovad, uuendusmeelsed ja uhked oma t\u00f6\u00f6 \u00fcle.Praktika nende juures ei ole lihtsalt t\u00f6\u00f6 \u2013 see on v\u00f5imalus n\u00e4ha, kuidas s\u00fcnnivad ideed, tooted, disain ja tuleviku [&hellip;]<\/p>\n","protected":false},"author":3,"featured_media":0,"parent":0,"menu_order":0,"comment_status":"closed","ping_status":"closed","template":"","meta":{"_mi_skip_tracking":false,"_exactmetrics_sitenote_active":false,"_exactmetrics_sitenote_note":"","_exactmetrics_sitenote_category":0,"footnotes":""},"class_list":["post-2077","page","type-page","status-publish","hentry"],"_links":{"self":[{"href":"https:\/\/furnitureindustry.ee\/en\/wp-json\/wp\/v2\/pages\/2077","targetHints":{"allow":["GET"]}}],"collection":[{"href":"https:\/\/furnitureindustry.ee\/en\/wp-json\/wp\/v2\/pages"}],"about":[{"href":"https:\/\/furnitureindustry.ee\/en\/wp-json\/wp\/v2\/types\/page"}],"author":[{"embeddable":true,"href":"https:\/\/furnitureindustry.ee\/en\/wp-json\/wp\/v2\/users\/3"}],"replies":[{"embeddable":true,"href":"https:\/\/furnitureindustry.ee\/en\/wp-json\/wp\/v2\/comments?post=2077"}],"version-history":[{"count":4,"href":"https:\/\/furnitureindustry.ee\/en\/wp-json\/wp\/v2\/pages\/2077\/revisions"}],"predecessor-version":[{"id":6997,"href":"https:\/\/furnitureindustry.ee\/en\/wp-json\/wp\/v2\/pages\/2077\/revisions\/6997"}],"wp:attachment":[{"href":"https:\/\/furnitureindustry.ee\/en\/wp-json\/wp\/v2\/media?parent=2077"}],"curies":[{"name":"wp","href":"https:\/\/api.w.org\/{rel}","templated":true}]}}