{"id":23,"date":"2013-10-04T12:44:29","date_gmt":"2013-10-04T12:44:29","guid":{"rendered":"http:\/\/furnitureindustry.ee\/?page_id=23"},"modified":"2026-01-22T12:46:48","modified_gmt":"2026-01-22T10:46:48","slug":"kutseharidus-2","status":"publish","type":"page","link":"https:\/\/furnitureindustry.ee\/en\/kutseharidus-2\/","title":{"rendered":"Certification Procedure"},"content":{"rendered":"<p>&nbsp;Tisler, tase 4, Puidupingioperaator, tase 3 ja CNC puidut\u00f6\u00f6tlemiskeskuse operaator, tase 4\u2033&nbsp; kutse andmise kord:&nbsp;<a href=\"https:\/\/furnitureindustry.ee\/wp-content\/uploads\/2026\/01\/Moobli-tootmise-ja-CNC-puidutootlemiskeskuse-op.-kutsete-KA-kord-17.11.2025.pdf\">\/Moobli-tootmise-ja-CNC-puidutootlemiskeskuse-op.-kutsete-KA-kord-17.11.2025.pdf<\/a><\/p>\n\n\n\n<p>\u201cPehme m\u00f6\u00f6blivalmistaja, tase 4 kutsete kutse andmise kord:&nbsp;<a href=\"https:\/\/furnitureindustry.ee\/wp-content\/uploads\/2026\/01\/Pehme-moobli-valmistaja-tase-4-kutse-KA-kord-17.11.2025.pdf\">Pehme-moobli-valmistaja-tase-4-kutse-KA-kord-17.11.2025.pdf<\/a><\/p>\n\n\n\n<p>Puidut\u00f6\u00f6tleja, tase 3 ja Puittoodete konstrueerija-tehnoloog tase 5 kutse andmise kord: <a href=\"https:\/\/furnitureindustry.ee\/wp-content\/uploads\/2026\/01\/Puidutootleja-ja-puittoodete-konstrueerija-tehnoloogi-kutsete-KA-kord-17.11.2025.pdf\">\/Puidutootleja-ja-puittoodete-konstrueerija-tehnoloogi-kutsete-KA-kord-17.11.2025.pdf<\/a><\/p>\n\n\n\n<h4 class=\"wp-block-heading\">&nbsp;<\/h4>\n\n\n\n<h4 class=\"wp-block-heading\">Kutse taotlemise eeltingimused:<\/h4>\n\n\n\n<p>Kutse&nbsp;<strong>tisler, tase 4<\/strong>&nbsp;eeltingimused on: tisler, tase 4 kutsestandardile vastava kutse\u00f5ppe taseme\u00f5ppe \u00f5ppekava t\u00e4ies mahus l\u00e4bimine v\u00f5i v\u00e4hemalt 3 aastane praktiline t\u00f6\u00f6kogemus tislerina.<\/p>\n\n\n\n<p>Kutse&nbsp;<strong>puidupingioperaator, tase 3<\/strong>&nbsp;eeltingimused on: l\u00e4binud t\u00e4ies mahus puidupingioperaator, tase 3 kutse\u00f5ppe \u00f5ppekava v\u00f5i v\u00e4hemalt 1 aastane t\u00f6\u00f6kogemus puidupingioperaatorina ning l\u00e4bitud t\u00e4iendkoolituse raames omandatud ka vastava kutseala teoreetilised teadmised.<\/p>\n\n\n\n<p>Kutse&nbsp;<strong>CNC puidut\u00f6\u00f6tlemiskeskuse operaator, tase 4<\/strong>&nbsp;eeltingimused on: l\u00e4binud t\u00e4ies mahus eelpool nimetatud eriala kutse\u00f5ppe taseme\u00f5ppe \u00f5ppekava, v\u00f5i v\u00e4hemalt 1 aastane t\u00f6\u00f6kogemus CNC PPO operaatorina ning l\u00e4bitud t\u00e4iendkoolituse raames omandatud ka vastava kutseala teoreetilised teadmised.<\/p>\n\n\n\n<p>Kutse&nbsp;<strong>pehme m\u00f6\u00f6bli valmistaja, tase 4<\/strong>&nbsp;eeltingimused on: kutse\u00f5ppe taseme\u00f5ppe l\u00f5petajatel on t\u00e4iesmahus \u00f5ppekava v\u00f5i osakutse \u00f5ppekava teoreetiline ning praktiline osa l\u00e4bimine.<\/p>\n\n\n\n<p>Kutse taotleja avaldus:&nbsp;<a href=\"https:\/\/furnitureindustry.ee\/wp-content\/uploads\/2020\/12\/kutse-taotlemise_avaldus-2.docx\">kutse-taotlemise_avaldus<\/a><\/p>\n\n\n\n<h4 class=\"wp-block-heading\">&nbsp;<\/h4>\n\n\n\n<h4 class=\"wp-block-heading\">KUTSESTANDARDID:<\/h4>\n\n\n\n<p>Tisler, tase 4:<\/p>\n\n\n\n<p><a href=\"https:\/\/www.kutseregister.ee\/ctrl\/et\/Standardid\/exportPdf\/11235885\/?nocache=debde2fd92\">https:\/\/www.kutseregister.ee\/ctrl\/et\/Standardid\/exportPdf\/11235885\/?nocache=debde2fd92<\/a><\/p>\n\n\n\n<p>CNC puidut\u00f6\u00f6tlemiskeskuse operaator, tase 4:<\/p>\n\n\n\n<p><a href=\"https:\/\/www.kutseregister.ee\/ctrl\/et\/Standardid\/exportPdf\/11215363\/?nocache=wa993fb4ea\">https:\/\/www.kutseregister.ee\/ctrl\/et\/Standardid\/exportPdf\/11215363\/?nocache=wa993fb4ea<\/a><\/p>\n\n\n\n<p>Puidupingioperaator, tase 3:&nbsp;<\/p>\n\n\n\n<p><a href=\"https:\/\/www.kutseregister.ee\/ctrl\/et\/Standardid\/exportPdf\/11069492\/?nocache=j0a62ed485\">https:\/\/www.kutseregister.ee\/ctrl\/et\/Standardid\/exportPdf\/11069492\/?nocache=j0a62ed485<\/a><\/p>\n\n\n\n<p>Pehme m\u00f6\u00f6bli valmistaja, tase 4:&nbsp;<\/p>\n\n\n\n<p><a href=\"https:\/\/www.kutseregister.ee\/ctrl\/et\/Standardid\/exportPdf\/11215379\/?nocache=t89b29f138\">https:\/\/www.kutseregister.ee\/ctrl\/et\/Standardid\/exportPdf\/11215379\/?nocache=t89b29f138<\/a><\/p>\n\n\n\n<p>Puidut\u00f6\u00f6tleja, tase 3:&nbsp;<\/p>\n\n\n\n<p><a href=\"https:\/\/www.kutseregister.ee\/ctrl\/et\/Standardid\/exportPdf\/10979092\/?nocache=aa7a1ba9bd\">https:\/\/www.kutseregister.ee\/ctrl\/et\/Standardid\/exportPdf\/10979092\/?nocache=aa7a1ba9bd<\/a><\/p>\n\n\n\n<p>Puittoodete konstrueerija-tehnoloog, tase 5<\/p>\n\n\n\n<p><a href=\"https:\/\/www.kutseregister.ee\/ctrl\/et\/Standardid\/exportPdf\/11254655\/?nocache=j988194a65\">https:\/\/www.kutseregister.ee\/ctrl\/et\/Standardid\/exportPdf\/11254655\/?nocache=j988194a65<\/a><\/p>\n\n\n\n<h3 class=\"wp-block-heading\">&nbsp;<\/h3>\n\n\n\n<h3 class=\"wp-block-heading\">Hindamisstandardid:<\/h3>\n\n\n\n<p>Tisler, tase 4 hindamisstandard:&nbsp;<a href=\"https:\/\/furnitureindustry.ee\/wp-content\/uploads\/2025\/05\/Tisler-tase-4-hindamisstandard_16.12.2024.pdf\">Tisler tase 4 hindamisstandard_16.12.2024<\/a><\/p>\n\n\n\n<p>CNC, tase 4 hindamisstandard:<a href=\"https:\/\/furnitureindustry.ee\/wp-content\/uploads\/2026\/01\/CNC-tase-4-hindamisstandard-2026.pdf\">2026\/01\/CNC-tase-4-hindamisstandard-2026.pdf<\/a><\/p>\n\n\n\n<p>Puidupingioperaator, tase 3 hindamisstandard:&nbsp;<a href=\"https:\/\/furnitureindustry.ee\/wp-content\/uploads\/2020\/06\/PPO-tase-3-hindamisstandard.pdf\">PPO, tase 3 hindamisstandard<\/a><\/p>\n\n\n\n<p>Pehme m\u00f6\u00f6bli valmistaja, tase 4 hindamisstandard:&nbsp;<a href=\"https:\/\/furnitureindustry.ee\/wp-content\/uploads\/2025\/04\/PMV-tase-4-hindamisstandard_06.05.2024.pdf\">PMV, tase 4 hindamisstandard_06.05.2024<\/a><\/p>\n\n\n\n<p>Puittoodete konstrueerja-tehnoloog, tase 5 hindamisstandard:&nbsp;<a href=\"https:\/\/furnitureindustry.ee\/wp-content\/uploads\/2023\/11\/HS_puittoodete-konstrueerija-tehnoloog-tase-5.pdf\">HS_puittoodete konstrueerija-tehnoloog, tase 5<\/a><\/p>\n\n\n\n<p>Puidut\u00f6\u00f6tleja, tase 3 hindamisstandard:&nbsp;<a href=\"https:\/\/furnitureindustry.ee\/wp-content\/uploads\/2025\/05\/puidutootleja-tase-3-hindamisstandard_16.02.2024-1.pdf\">puidut\u00f6\u00f6tleja tase 3 hindamisstandard_16.02.2024<\/a><\/p>\n\n\n\n<h3 class=\"wp-block-heading\">&nbsp;<\/h3>\n\n\n\n<h3 class=\"wp-block-heading\"><strong>KUTSE TAOTLEMISE TASU SUURUS JA KUIDAS SEDA TASUDA<\/strong><\/h3>\n\n\n\n<p>Tisler, tase 4;&nbsp;Puidupingioperaator, tase 3, CNC puidut\u00f6\u00f6tlemiskeskuse operaator, tase 4, Pehme m\u00f6\u00f6bli valmistaja, tase 4, puidut\u00f6\u00f6telja, tase 3 ja puittoodete konstrueerija-tehnoloog, tase 5&nbsp; &nbsp;kutsete taotlemise tasu suurus on Haridus- ja Teadusministeeriumi poolt kinnitatud kutseeksami tasu piirm\u00e4\u00e4r. Vaata hindade infot Kutsekoja kodulehelt: .&nbsp;<a href=\"https:\/\/www.kutseregister.ee\/ctrl\/et\/KAO\/vaata\/10086696?show_avalik=1#komp_tasud\">https:\/\/www.kutseregister.ee\/ctrl\/et\/KAO\/vaata\/10086696?show_avalik=1#komp_tasud<\/a><\/p>\n\n\n\n<p>Eksamitasud tuleb maksta vastavalt kutse andja poolt esitatud arve alusel m\u00e4rgitud kuup\u00e4evaks.&nbsp; Eesti M\u00f6\u00f6blitootjate Liidu arveldusarvele EE062200001120030373 Swedbank. Eksamitasud tuleb \u00fcle kanda t\u00e4ies ulatuses ja kinnitus arve tasumise kohta, palun saata: &nbsp;e-post:&nbsp;<a href=\"https:\/\/furnitureindustry.ee\/en\/kutseharidus\/info@furnitureindustry.ee\/\">info@furnitureindustry.ee<\/a><\/p>\n\n\n\n<p><strong><a href=\"https:\/\/furnitureindustry.ee\/wp-content\/uploads\/2020\/12\/Kutse-ja-hindamiskomisjoni-tookord_2020.pdf\">Kutse ja hindamiskomisjoni t\u00f6\u00f6kord_2020<\/a><\/strong><br><br>Kutsekomisjon<\/p>\n\n\n\n<p>Eesti M\u00f6\u00f6blitootjate Liidul on <strong>\u00fcks kutsekomisjon<\/strong>, mis tegutseb j\u00e4rgmistes erialades:<\/p>\n\n\n\n<ul class=\"wp-block-list\">\n<li>m\u00f6\u00f6bli tootmine<\/li>\n\n\n\n<li>CNC puidut\u00f6\u00f6tlemiskeskuse operaator<\/li>\n\n\n\n<li>pehme m\u00f6\u00f6bli valmistaja<\/li>\n\n\n\n<li>puidut\u00f6\u00f6tleja ja puittoodete konstrueerija-tehnoloog<\/li>\n<\/ul>\n\n\n\n<p>Kutsekomisjon tagab kutseandmise \u00fchtse, l\u00e4bipaistva ja t\u00f6\u00f6maailma vajadustest l\u00e4htuva korralduse. Kutsekomisjoni koosseisu ametlik ja ajakohane info on avaldatud <a href=\"https:\/\/www.kutseregister.ee\/ctrl\/et\/KAO\/vaata\/10086696\">kutseregistris<\/a>.<\/p>\n\n\n\n<hr class=\"wp-block-separator has-alpha-channel-opacity\"\/>\n\n\n\n<figure class=\"wp-block-table\"><table class=\"has-fixed-layout\"><thead><tr><th>Nimi<\/th><th>Asutus<\/th><th>Osapool<\/th><\/tr><\/thead><tbody><tr><td>Aimar Kaljula<\/td><td>Estopuit O\u00dc<\/td><td>t\u00f6\u00f6andjate esindaja<\/td><\/tr><tr><td>Arvi Lokk<\/td><td>Eesti Maa\u00fclikool<\/td><td>koolitaja<\/td><\/tr><tr><td>Erkki Naaris<\/td><td>TSENTER<\/td><td>spetsialist<\/td><\/tr><tr><td>Katri Sosi<\/td><td>Estonian Furniture Industry Association<\/td><td>kutse- ja erialaliidu esindaja<\/td><\/tr><tr><td>Lauri Tasso<\/td><td>V\u00f5rumaa Haridus- ja Tehnoloogiakeskus<\/td><td>koolitaja<\/td><\/tr><tr><td>Uve Uustalu<\/td><td>Helland Baltic O\u00dc<\/td><td>t\u00f6\u00f6andjate \/ t\u00f6\u00f6tajate esindaja<\/td><\/tr><\/tbody><\/table><\/figure>\n\n\n\n<h3 class=\"wp-block-heading\">&nbsp;<\/h3>\n\n\n\n<h3 class=\"wp-block-heading\">KUTSEEKSAMIKS ETTEVALMISTAVAD MATERJALID NING K\u00dcSIMUSTIKUD<\/h3>\n\n\n\n<p><strong>CNC puidut\u00f6\u00f6tlemiskeskuse operaator, tase 4 kordamisk\u00fcsimused:&nbsp;<a href=\"https:\/\/testid.edu.ee\/eis\/lahendamine?rid=03386785938400827&amp;sort=ylesanne.id&amp;psize=&amp;id=&amp;aine=CNC&amp;aste=&amp;kvaliteet=&amp;teema=&amp;alateema=&amp;ylkogu_id=&amp;testiliik=&amp;keeletase=&amp;lang=&amp;kysimus=&amp;otsi=1\">https:\/\/testid.edu.ee\/eis\/lahendamine?rid=03386785938400827&amp;sort=ylesanne.id&amp;psize=&amp;id=&amp;aine=CNC&amp;aste=&amp;kvaliteet=&amp;teema=&amp;alateema=&amp;ylkogu_id=&amp;testiliik=&amp;keeletase=&amp;lang=&amp;kysimus=&amp;otsi=1<\/a><\/strong><\/p>\n\n\n\n<p><strong>Puidupingioperaator, tase 3 kordamisk\u00fcsimused:<\/strong><\/p>\n\n\n\n<p><a href=\"https:\/\/testid.edu.ee\/eis\/lahendamine?rid=6269230603472097&amp;sort=ylesanne.id&amp;psize=&amp;id=&amp;aine=PPO&amp;aste=&amp;kvaliteet=&amp;teema=&amp;alateema=&amp;ylkogu_id=&amp;testiliik=&amp;keeletase=&amp;lang=&amp;kysimus=&amp;otsi=1\">https:\/\/testid.edu.ee\/eis\/lahendamine?rid=6269230603472097&amp;sort=ylesanne.id&amp;psize=&amp;id=&amp;aine=PPO&amp;aste=&amp;kvaliteet=&amp;teema=&amp;alateema=&amp;ylkogu_id=&amp;testiliik=&amp;keeletase=&amp;lang=&amp;kysimus=&amp;otsi=1<\/a><\/p>\n\n\n\n<p><strong>Tisler, tase 4 kordamisk\u00fcsimused:<\/strong><\/p>\n\n\n\n<p><a href=\"https:\/\/testid.edu.ee\/eis\/lahendamine?rid=06629103526857094&amp;sort=ylesanne.id&amp;psize=&amp;id=&amp;aine=tisler&amp;aste=&amp;kvaliteet=&amp;teema=&amp;alateema=&amp;ylkogu_id=&amp;testiliik=&amp;keeletase=&amp;lang=&amp;kysimus=&amp;otsi=1\">https:\/\/testid.edu.ee\/eis\/lahendamine?rid=06629103526857094&amp;sort=ylesanne.id&amp;psize=&amp;id=&amp;aine=tisler&amp;aste=&amp;kvaliteet=&amp;teema=&amp;alateema=&amp;ylkogu_id=&amp;testiliik=&amp;keeletase=&amp;lang=&amp;kysimus=&amp;otsi=1<\/a><\/p>\n\n\n\n<h3 class=\"wp-block-heading\">KUTSETUNNISTUSED<\/h3>\n\n\n\n<p><a href=\"http:\/\/kutsekoda.ee\/et\/kutseregister\/kutsetunnistused\" target=\"_blank\" rel=\"noreferrer noopener\">Kutsetunnistuste<\/a>&nbsp;otsing Kutsekoja kodulehel.<\/p>\n\n\n\n<p><a href=\"https:\/\/www.kutseregister.ee\/et\/Kutsetunnistuse_lisad\/?\">Kutsetunnistuse lisad,<\/a> mida on v\u00f5imalik v\u00e4lja tr\u00fckkida nii eesti kui ka inglise keeles. Kutsetunnistuse lisa selgitab l\u00fchidalt, millised oskused ja teadmised kutsetunnistuse omanikul on ja kes on kutsetunnistuse v\u00e4ljastaja. Kutsetunnistuse lisa lihtsustab ka riikidevahelist t\u00f6\u00f6j\u00f5u liiku<\/p>\n\n\n\n<h3 class=\"wp-block-heading\">&nbsp;<\/h3>\n\n\n\n<h3 class=\"wp-block-heading\">KONTAKTINFO N\u00d5USTAMISE JA LISAINFO SAAMISEKS<\/h3>\n\n\n\n<p>T\u00e4iendavat informatsiooni:<\/p>\n\n\n\n<p>Estonian Furniture Industry Association<\/p>\n\n\n\n<p>+372 5180068, kontaktisik Katri Sosi<\/p>\n\n\n\n<p>e-post:&nbsp;<a href=\"https:\/\/furnitureindustry.ee\/en\/kutseharidus\/info@furnitureindustry.ee\/\">info@furnitureindustry.ee<\/a><\/p>\n\n\n\n<div class=\"wp-block-group\"><div class=\"wp-block-group__inner-container is-layout-flow wp-block-group-is-layout-flow\">\n<div class=\"wp-block-group\"><div class=\"wp-block-group__inner-container is-layout-flow wp-block-group-is-layout-flow\">\n<p><\/p>\n<\/div><\/div>\n<\/div><\/div>\n\n\n\n<div class=\"wp-block-group\"><div class=\"wp-block-group__inner-container is-layout-flow wp-block-group-is-layout-flow\"><\/div><\/div>\n\n\n\n<p><\/p>\n\n\n\n<h2 class=\"wp-block-heading\"><\/h2>","protected":false},"excerpt":{"rendered":"<p>&nbsp;Tisler, tase 4, Puidupingioperaator, tase 3 ja CNC puidut\u00f6\u00f6tlemiskeskuse operaator, tase 4\u2033&nbsp; kutse andmise kord:&nbsp;\/Moobli-tootmise-ja-CNC-puidutootlemiskeskuse-op.-kutsete-KA-kord-17.11.2025.pdf \u201cPehme m\u00f6\u00f6blivalmistaja, tase 4 kutsete kutse andmise kord:&nbsp;Pehme-moobli-valmistaja-tase-4-kutse-KA-kord-17.11.2025.pdf Puidut\u00f6\u00f6tleja, tase 3 ja Puittoodete konstrueerija-tehnoloog tase 5 kutse andmise kord: \/Puidutootleja-ja-puittoodete-konstrueerija-tehnoloogi-kutsete-KA-kord-17.11.2025.pdf &nbsp; Kutse taotlemise eeltingimused: Kutse&nbsp;tisler, tase 4&nbsp;eeltingimused on: tisler, tase 4 kutsestandardile vastava kutse\u00f5ppe taseme\u00f5ppe \u00f5ppekava t\u00e4ies mahus l\u00e4bimine v\u00f5i [&hellip;]<\/p>\n","protected":false},"author":3,"featured_media":0,"parent":0,"menu_order":1,"comment_status":"open","ping_status":"open","template":"","meta":{"_mi_skip_tracking":false,"_exactmetrics_sitenote_active":false,"_exactmetrics_sitenote_note":"","_exactmetrics_sitenote_category":0,"footnotes":""},"class_list":["post-23","page","type-page","status-publish","hentry"],"_links":{"self":[{"href":"https:\/\/furnitureindustry.ee\/en\/wp-json\/wp\/v2\/pages\/23","targetHints":{"allow":["GET"]}}],"collection":[{"href":"https:\/\/furnitureindustry.ee\/en\/wp-json\/wp\/v2\/pages"}],"about":[{"href":"https:\/\/furnitureindustry.ee\/en\/wp-json\/wp\/v2\/types\/page"}],"author":[{"embeddable":true,"href":"https:\/\/furnitureindustry.ee\/en\/wp-json\/wp\/v2\/users\/3"}],"replies":[{"embeddable":true,"href":"https:\/\/furnitureindustry.ee\/en\/wp-json\/wp\/v2\/comments?post=23"}],"version-history":[{"count":374,"href":"https:\/\/furnitureindustry.ee\/en\/wp-json\/wp\/v2\/pages\/23\/revisions"}],"predecessor-version":[{"id":7343,"href":"https:\/\/furnitureindustry.ee\/en\/wp-json\/wp\/v2\/pages\/23\/revisions\/7343"}],"wp:attachment":[{"href":"https:\/\/furnitureindustry.ee\/en\/wp-json\/wp\/v2\/media?parent=23"}],"curies":[{"name":"wp","href":"https:\/\/api.w.org\/{rel}","templated":true}]}}