{"id":2595,"date":"2016-01-29T13:12:47","date_gmt":"2016-01-29T11:12:47","guid":{"rendered":"http:\/\/furnitureindustry.ee\/?page_id=2595"},"modified":"2026-04-08T12:48:50","modified_gmt":"2026-04-08T09:48:50","slug":"liikmelisuse-lopetamine","status":"publish","type":"page","link":"https:\/\/furnitureindustry.ee\/en\/liikmelisuse-lopetamine\/","title":{"rendered":"Termination of Membership"},"content":{"rendered":"<p><a href=\"http:\/\/furnitureindustry.ee\/wp-content\/uploads\/2013\/10\/EMTL-p\u00f5hikiri-kehtiv.pdf\">EMTL Statutes (current)<\/a><\/p>\n<p class=\"rtejustify\"><strong>To terminate membership<\/strong> please submit <strong>a written application<\/strong> (for legal entities) to the EMTL Board.<\/p>\n<p class=\"rtejustify\">Completed applications (signed or digitally signed) should be sent to the email address\u00a0<a href=\"mailto:info@pare.ee\">info@furnitureindustry.ee.<\/a><\/p>\n<p class=\"rtejustify\">Please note that members are obliged to pay the association\u2019s membership fee for the current calendar year even if their membership ends mid-year, in accordance with clause 5.5.1 of the EMTL Statutes.<\/p>\n<p>5.3.1. A member has the right to withdraw from the Association at the end of the financial year by submitting an application.<br \/>\n5.3.2. Notice of withdrawal must be submitted in writing to the Board at least three months before the end of the financial year.<\/p>\n<p><a href=\"http:\/\/furnitureindustry.ee\/wp-content\/uploads\/2013\/10\/MTUe-Eesti-Moeoeblitootjate-Liit-p--hikiri-hetkel-kehtiv-2015.pdf\">\u00a0<\/a><\/p>","protected":false},"excerpt":{"rendered":"<p>EMTL p\u00f5hikiri kehtiv Liikmelisuse l\u00f5petamiseks palun esita kirjalik avaldus (juriidiline isik) EMTL\u00a0juhatusele. T\u00e4idetud avaldused (allkirjastatult\u00a0v\u00f5i\u00a0digi-allkirjaga kinnitatult) palume\u00a0saata: e-maili aadressil\u00a0info@furnitureindustry.ee. Juhime t\u00e4helepanu, et liikmel seisab kohustus tasuda \u00fchingu liikmemaks jooksva kalendriaasta eest ka siis, kui ta liikmelisus l\u00f5peb aasta keskel EMTL\u00a0p\u00f5hikirja punkt 5.5.1\u00a0kohaselt. 5.3.1. Liidu liikmel on \u00f5igus avalduse alusel liikmest v\u00e4lja astuda majandusaasta l\u00f5ppedes. 5.3.2.V\u00e4ljaastumise [&hellip;]<\/p>\n","protected":false},"author":3,"featured_media":0,"parent":0,"menu_order":0,"comment_status":"closed","ping_status":"closed","template":"","meta":{"_mi_skip_tracking":false,"_exactmetrics_sitenote_active":false,"_exactmetrics_sitenote_note":"","_exactmetrics_sitenote_category":0,"footnotes":""},"class_list":["post-2595","page","type-page","status-publish","hentry"],"_links":{"self":[{"href":"https:\/\/furnitureindustry.ee\/en\/wp-json\/wp\/v2\/pages\/2595","targetHints":{"allow":["GET"]}}],"collection":[{"href":"https:\/\/furnitureindustry.ee\/en\/wp-json\/wp\/v2\/pages"}],"about":[{"href":"https:\/\/furnitureindustry.ee\/en\/wp-json\/wp\/v2\/types\/page"}],"author":[{"embeddable":true,"href":"https:\/\/furnitureindustry.ee\/en\/wp-json\/wp\/v2\/users\/3"}],"replies":[{"embeddable":true,"href":"https:\/\/furnitureindustry.ee\/en\/wp-json\/wp\/v2\/comments?post=2595"}],"version-history":[{"count":11,"href":"https:\/\/furnitureindustry.ee\/en\/wp-json\/wp\/v2\/pages\/2595\/revisions"}],"predecessor-version":[{"id":7612,"href":"https:\/\/furnitureindustry.ee\/en\/wp-json\/wp\/v2\/pages\/2595\/revisions\/7612"}],"wp:attachment":[{"href":"https:\/\/furnitureindustry.ee\/en\/wp-json\/wp\/v2\/media?parent=2595"}],"curies":[{"name":"wp","href":"https:\/\/api.w.org\/{rel}","templated":true}]}}