{"id":2598,"date":"2016-01-29T13:17:20","date_gmt":"2016-01-29T11:17:20","guid":{"rendered":"http:\/\/furnitureindustry.ee\/?page_id=2598"},"modified":"2021-06-28T16:01:02","modified_gmt":"2021-06-28T13:01:02","slug":"pohikiri","status":"publish","type":"page","link":"https:\/\/furnitureindustry.ee\/en\/pohikiri\/","title":{"rendered":"Statutes"},"content":{"rendered":"<p>Current Statutes: <a href=\"https:\/\/furnitureindustry.ee\/wp-content\/uploads\/2021\/06\/EMTL-pohikiri_17.06.2021.pdf\">EMTL p\u00f5hikiri_17.06.2021<\/a><\/p>\n<p style=\"text-align: left;\"><strong>MT\u00dc Eesti M\u00f6\u00f6blitootjate Liit<\/strong><br \/>\n<strong>P\u00d5HIKIRI<\/strong><br \/>\nI \u00dclds\u00e4tted<br \/>\n1.1. MT\u00dc Eesti M\u00f6\u00f6blitootjate Liit on m\u00f6\u00f6bli- ja puidut\u00f6\u00f6stuse sektoris tegutsevate<br \/>\nt\u00f6\u00f6andjate vabatahtliku liikmelisuse alusel tegutsev mittetulunduslik era\u00f5iguslik<br \/>\njuriidiline isik oma vara ja pangaarvega. Liidul v\u00f5ib olla oma s\u00fcmboolika.<br \/>\n1.2. MT\u00dc Eesti M\u00f6\u00f6blitootjate (edaspidi Liit) asukohaks on Tallinn, Eesti Vabariik.<br \/>\n1.3. V\u00e4hemalt \u00fcks kolmandik juhatuse liikmetest kuulub v\u00e4ljavahetamisele volituse<br \/>\nperioodi l\u00f5ppemisel.<br \/>\n1.4. Juhatuse esimeheks ei valita samad persooni rohkem kui \u00fcheks volituste<br \/>\nperioodiks.<br \/>\nII Liidu eesm\u00e4rgid ja p\u00f5hi\u00fclesanded<br \/>\n2.1. Liidu eesm\u00e4rk on puidu &#8211; ja m\u00f6\u00f6blit\u00f6\u00f6stuse sektori ettev\u00f5tluse ja kaubanduse<br \/>\narendamine ning liikmete huvide esindamine ja kaitse.<br \/>\n2.2. Oma eesm\u00e4rkide saavutamiseks Liit:<br \/>\n2.2.1. esindab oma liikmete huve sektori majanduspoliitika kujundamisel, osaleb<br \/>\nettepanekute v\u00e4ljat\u00f6\u00f6tamises riigiv\u00f5imu ja valitsusorganitele seadusandluse<br \/>\nt\u00e4iustamiseks ja kaitseb oma liikmete huve;<br \/>\n2.2.2. arendab koost\u00f6\u00f6d Eesti T\u00f6\u00f6andjate ja T\u00f6\u00f6stuse Keskliidu ja teiste<br \/>\norganisatsioonidega t\u00f6\u00f6andjate \u00fchiste huvide esindamisel ja kaitsmisel;<br \/>\n2.2.3. arendab v\u00e4lissuhteid;<br \/>\n2.2.4. hangib ja vahendab informatsiooni;<br \/>\n2.2.5. koosk\u00f5lastab liikmete huve;<br \/>\n2.2.6. korraldab \u00e4rikohtumisi, seminare, n\u00f5upidamisi ja muid \u00fcritusi;<br \/>\n2.2.7. aitab kaasa erialase kutse- ja t\u00e4iend\u00f5ppe korraldamisele;<br \/>\n2.2.8. osaleb majandussektori toote- ja kutsestandardite v\u00e4ljat\u00f6\u00f6tamisel;<br \/>\n2.2.9. j\u00e4lgib majandussektori arengut ja loob selleks vajaliku andmebaasi;<br \/>\n2.2.10. tegeleb muude liikmetele \u00fchist huvi pakkuvate k\u00fcsimustega.<br \/>\nIII Liidu liikmelisus ja liikmemaksud<br \/>\n3.1. Liidu liikmed<br \/>\n3.1.1. Liit on avatud organisatsioon ja selles peab olema v\u00e4hemalt viis liiget.<br \/>\n3.1.2. Liidu liikmeks v\u00f5ivad olla Eestis m\u00f6\u00f6blitootmise ja puidut\u00f6\u00f6tlemisega ning<br \/>\nnende toodete m\u00fc\u00fcgiga ja selle valdkonna seadmete ja materjalide tootmise,<br \/>\nvahendamise, m\u00fc\u00fcgiga tegelevad juriidilised ja f\u00fc\u00fcsilised isikud v\u00f5i nende<br \/>\nliidud, kes tunnistavad Liidu p\u00f5hikirja, tasuvad liikmemaksu ja peavad kinni<br \/>\n\u00e4rieetika headest tavadest. Liidu assotseerunud liikmeks v\u00f5ivad olla Liidu poolt<br \/>\ntunnustatud koolitusasutused.<br \/>\n3.1.3. Liit ei vastuta oma liikmete kohustuste eest samuti, kui Liidu liikmed ei vastuta<br \/>\nLiidu kohustuste eest.<br \/>\n3.1.4. Liidu liikmeskond jaguneb t\u00e4is- ja toetajaliikmeteks ning assotseerunud<br \/>\nliikmeteks.<br \/>\n3.2. Liidu liikmemaksud<br \/>\n3.2.1. Liikmemaksu jooksvaks majandusaastaks m\u00e4\u00e4rab \u00fcldkoosolek. \u00dcldkoosolek<br \/>\nm\u00e4\u00e4rab ka liikmemaksu tasumise t\u00e4htajad. IV Liidu liikmete \u00f5igused ja kohustused<br \/>\n4.1. Liidu liikmel on \u00f5igus:<br \/>\n4.1.1 valida ja olla valitud liidu juhtorganitesse;<br \/>\n4.1.2. tutvuda Liidu \u00fcldkoosolekute ja juhatuse koosolekute protokollidega;<br \/>\n4.1.3. Liidust v\u00e4lja astuda k\u00e4esolevas p\u00f5hikirjas s\u00e4testatud korras.<br \/>\n4.2. Liidu liikmetel on kohustus:<br \/>\n4.2.1. t\u00e4ita k\u00e4esolevast p\u00f5hikirjast tulenevaid kohustusi ja \u00fcldkoosoleku otsuseid;<br \/>\n4.2.2. pidada kinni \u00e4rieetika headest tavadest;<br \/>\n4.2.3. tasuda jooksvaks aastaks kinnitatud liikmemaksud \u00fcldkoosoleku poolt m\u00e4\u00e4ratud<br \/>\nsuuruses ja t\u00e4htaegadeks.<br \/>\n4.2.4. Kohustuste mittet\u00e4itmisest tulenevad piirangud kehtestab juhatus. Piirangute<br \/>\nrakendamiskavatsusest informeeritakse liidu liiget eelnevalt.<br \/>\nV Liidu liikmeks vastuv\u00f5tmise, v\u00e4ljaastumise ja v\u00e4ljaarvamise kord<br \/>\n5.1. Liidu liikmeks vastuv\u00f5tmine<br \/>\n5.1.1. Liidu liikmeks vastuv\u00f5tmise otsustab juhatus taotleja kirjaliku v\u00f5i elektroonse<br \/>\navalduse alusel.<br \/>\n5.1.2. Kui juhatus keeldub taotlejat liikmeks vastu v\u00f5tmast, v\u00f5ib taotleja n\u00f5uda, et tema<br \/>\nliikmeks vastuv\u00f5tmise otsustab \u00fcldkoosolek.<br \/>\n5.2. Liidu liikmelisuse mitte\u00fcleantavus<br \/>\n5.2.1. Liikmelisust Liidus ja liikme\u00f5iguste teostamist ei saa \u00fcle anda ega p\u00e4randada.<br \/>\nF\u00fc\u00fcsilisest isikust liikme surma v\u00f5i juriidilisest isikust liikme l\u00f5ppemise korral<br \/>\nliikmelisus Liidus l\u00f5peb.<br \/>\n5.2.2. Liikmelisus s\u00e4ilib juriidilisest isikust liikme seaduses s\u00e4testatud viisil<br \/>\n\u00fcmberkujundamisel. \u00fchinemise v\u00f5i jaotumise korral tema liikme\u00f5igused l\u00f5pevad.<br \/>\n5.2.3. Liikmest teise juriidilise isiku eraldumise korral s\u00e4ilib jaguneva juriidilise isiku<br \/>\nliikmelisus.<br \/>\n5.3. Liikmest v\u00e4ljaastumine<br \/>\n5.3.1. Liidu liikmel on \u00f5igus avalduse alusel liikmest v\u00e4lja astuda majandusaasta<br \/>\nl\u00f5ppedes.<br \/>\n5.3.2.V\u00e4ljaastumise soovist teatatakse juhatusele kirjalikult v\u00e4hemalt kolm kuud enne<br \/>\nmajandusaasta l\u00f5ppu.<br \/>\n5.3.3. Punktis 5.3.1. s\u00e4testatut ei kohaldata, kui liikme \u00f5igusi v\u00f5i kohustusi muudetakse<br \/>\noluliselt v\u00f5i kui liikmeks j\u00e4\u00e4mine ei ole \u00f5iglase hinnangu kohaselt v\u00f5imalik.<br \/>\n5.4. Liikme v\u00e4ljaarvamine<br \/>\n5.4.1. Liikme v\u00e4ljaarvamise otsustab juhatus.<br \/>\n5.4.2. Liikme v\u00f5ib Liidu p\u00f5hikirjas s\u00e4testatust s\u00f5ltumata v\u00e4lja arvata p\u00f5hikirja s\u00e4tete<br \/>\nt\u00e4itmata j\u00e4tmise v\u00f5i Liitu olulisel m\u00e4\u00e4ral kahjustamise t\u00f5ttu.<br \/>\n5.4.3. Liidust v\u00e4lja arvatud liikmele tuleb tema v\u00e4ljaarvamise otsuse tegemisest ja selle<br \/>\np\u00f5hjusest viivitamatult kirjalikult teatada.<br \/>\n5.4.4. \u00dcldkoosolekul on \u00f5igus v\u00e4ljaarvatud liikme avalduse alusel v\u00e4ljaarvamise otsus<br \/>\nt\u00fchistada. 5.5. Liikmelisuse l\u00f5ppemise tagaj\u00e4rjed<br \/>\n5.5.1 Kui liikmelisus l\u00f5peb majandusaasta kestel, peab p\u00f5hikirjaga etten\u00e4htud<br \/>\nliikmemaksu tasuma kogu majandusaasta eest.<br \/>\n5.5.2. Isikul, kelle liikmelisus Liidus on l\u00f5ppenud, ei ole \u00f5igust Liidu varale.<br \/>\nVI Juhtimine<br \/>\n6.1. \u00dcldkoosolek<br \/>\n6.1.1. Liidu k\u00f5rgeimaks organiks on liikmete \u00fcldkoosolek \u00dcldkoosolekul esindab<br \/>\njuriidilisest isikust liiget \u00fcks tema n\u00f5ukogu v\u00f5i juhatuse liige ilma volituseta v\u00f5i<br \/>\nvolitatud isik, kellele on antud lihtkirjalik volikiri.<br \/>\n6.1.2. \u00fcldkoosolek v\u00f5tab vastu otsuseid k\u00f5igis Liidu juhtimise k\u00fcsimustes, mida ei ole<br \/>\nseaduse v\u00f5i p\u00f5hikirjaga antud teiste organite p\u00e4devusse.<br \/>\n6.2. \u00dcldkoosoleku p\u00e4devusse kuulub:<br \/>\n6.2.1. p\u00f5hikirja muutmine;<br \/>\n6.2.2. eesm\u00e4rgi muutmine;<br \/>\n6.2.3. juhatuse liikmete m\u00e4\u00e4ramine;<br \/>\n6.2.4. audiitori v\u00f5i revisjonikomisjoni m\u00e4\u00e4ramine;<br \/>\n6.2.5. aastaaruande kinnitamine;<br \/>\n6.2.6. liikmemaksu ja makset\u00e4htaegade kinnitamine jooksvaks majandusaastaks;<br \/>\n6.2.7. eelarve kinnitamine jooksvaks majandusaastaks;<br \/>\n6.2.8. juhatuse v\u00f5i muu organi liikmega tehingu tegemise v\u00f5i tema vastu n\u00f5ude<br \/>\nesitamise otsustamine ja selles tehingus v\u00f5i n\u00f5udes Liidu esindaja m\u00e4\u00e4ramine;<br \/>\n6.2.9. kaebuste lahendamine juhatuse otsuste peale<br \/>\n6.2.10.Muude k\u00fcsimuste otsustamine, mida ei ole seaduse v\u00f5i p\u00f5hikirjaga antud teiste<br \/>\norganite p\u00e4devusse.<br \/>\n6.3. \u00dcldkoosoleku kokkukutsumine<br \/>\n6.3.1.\u00dcldkoosoleku kutsub kokku juhatus.<br \/>\n6.3.2. Juhatus peab \u00fcldkoosoleku kokku kutsuma siis kui Liidu huvid seda n\u00f5uavad<br \/>\nkuid mitte harvem, kui \u00fcks kord aastas.<br \/>\n6.3.3. Juhatus peab \u00fcldkoosoleku kokku kutsuma, kui seda n\u00f5uab kirjalikult ja p\u00f5hjust<br \/>\n\u00e4ra n\u00e4idates 1\/10 Liidu liikmetest.<br \/>\n6.3..4. Kui juhatus ei kutsu \u00fcldkoosolekut k\u00e4esoleva p\u00f5hikirja punkti 6.3.3. asjaoludel<br \/>\nkokku, v\u00f5ivad taotlejad \u00fcldkoosoleku ise kokku kutsuda samas korras juhatusega.<br \/>\n6.3.5. \u00dcldkoosoleku kokkukutsumisest peab ette teatama v\u00e4hemalt seitse p\u00e4eva<br \/>\n6.4. \u00dcldkoosoleku l\u00e4biviimine<br \/>\n6.4.1. \u00fcldkoosolek v\u00f5ib otsuseid vastu v\u00f5tta, kui selles osaleb v\u00f5i on esindatud \u00fcle poole<br \/>\nLiidu liikmetest.<br \/>\n6.4.2. Kui \u00fcldkoosolekul ei osalenud n\u00f5utav arv Liidu liikmeid kutsub juhatus kolme<br \/>\nn\u00e4dala jooksul uue \u00fcldkoosoleku kokku sama p\u00e4evakorraga. Uus \u00fcldkoosolek on p\u00e4dev<br \/>\notsuseid vastu v\u00f5tma s\u00f5ltumata koosolekul osalenud v\u00f5i esindatud liikmete arvust, kuid<br \/>\n\u00fcksnes juhul, kui \u00fcldkoosolekul osales v\u00f5i oli esindatud v\u00e4hemalt viis liiget.<br \/>\n6.4.3. \u00dcldkoosolek on p\u00e4dev otsuseid vastu v\u00f5tma k\u00fcsimustes, mis on \u00fcldkoosoleku<br \/>\nkokkukutsumisel teatavaks tehtud. K\u00fcsimustes, mida ei ole \u00fcldkoosoleku<br \/>\nkokkukutsumisel teatavaks tehtud, v\u00f5ib vastu v\u00f5tta otsuseid, kui \u00fcldkoosolekus<br \/>\nosalevad v\u00f5i on esindatud k\u00f5ik Liidu liikmed. 6.4.4. Kui \u00fcldkoosoleku kokkukutsumisel on rikutud seaduse v\u00f5i p\u00f5hikirja n\u00f5udeid, ei<br \/>\nole \u00fcldkoosolek \u00f5igustatud otsuseid vastu v\u00f5tma, v\u00e4lja arvatud siis, kui \u00fcldkoosolekus<br \/>\nosalevad v\u00f5i on esindatud k\u00f5ik liikmed.<br \/>\n6.5. \u00dcldkoosoleku otsus<br \/>\n6.5.1.\u00dcldkoosoleku otsus on vastu v\u00f5etud, kui selle poolt h\u00e4\u00e4letab \u00fcle poole koosolekus<br \/>\nosalenud Liidu liikmetest v\u00f5i nende esindajatest.<br \/>\n6.5.2. Isiku valimisel loetakse \u00fcldkoosolekul valituks kandidaat, kes sai teistest enam<br \/>\nh\u00e4\u00e4li. H\u00e4\u00e4lte v\u00f5rdsel jagunemisel heidetakse liisku.<br \/>\n6.5.3. \u00dcldkoosoleku otsus loetakse vastuv\u00f5etuks koosolekut kokku kutsumata, kui<br \/>\notsuse poolt h\u00e4\u00e4letavad kirjalikult k\u00f5ik Liidu liikmed.<br \/>\n6.5.4. Igal Liidu liikmel on \u00fcks h\u00e4\u00e4l. Liige ei v\u00f5i h\u00e4\u00e4letada, kui otsustatakse temaga v\u00f5i<br \/>\ntemaga v\u00f5rdset majanduslikku huvi omava isikuga tehingu tegemist v\u00f5i temaga<br \/>\nkohtuvaidluse alustamist v\u00f5i l\u00f5petamist.<br \/>\n6.5.5. Liidu juhatuse v\u00f5i muu organi liige ei v\u00f5i h\u00e4\u00e4letada tema vastu n\u00f5ude esitamise<br \/>\notsustamisel. K\u00e4esolevas punktis nimetatud liikmete h\u00e4\u00e4li ei arvestata esindatuse<br \/>\nm\u00e4\u00e4ramisel.<br \/>\n6.6 P\u00f5hikirja muutmine<br \/>\n6.6.1. P\u00f5hikirja muutmise otsus on vastu v\u00f5etud, kui selle poolt on h\u00e4\u00e4letanud 2\/3<br \/>\nkoosolekul osalenud Liidu liikmetest v\u00f5i nende esindajatest.<br \/>\n6.6.2. P\u00f5hikirjas ette n\u00e4htud eesm\u00e4rgi muutmiseks on vajalik 9\/10 liikmete n\u00f5usolek.<br \/>\nMuutmist otsustanud \u00fcldkoosolekul mitteosalend liikme n\u00f5usolek peab olema esitatud<br \/>\nkirjalikult.<br \/>\n6.6.3. P\u00f5hikirja uuele tekstile kirjutavad alla juhatuse esimees ja \u00fcks juhatuse<br \/>\nliikmetest.<br \/>\n6.7. \u00dcldkoosoleku otsuse kehtetuks tunnistamine<br \/>\n6.7.1. Liidu v\u00f5i juhatuse liikmel on \u00f5igus kolme kuu jooksul \u00fcldkoosoleku otsuse<br \/>\nvastuv\u00f5tmisest esitada avaldus kohtule, kui otsus on seaduse v\u00f5i p\u00f5hikirjaga vastuolus.<br \/>\n6.7.2. K\u00e4esoleva p\u00f5hikirja punktis 6.7.1. s\u00e4testatud korras v\u00f5ib n\u00f5uda ka teiste Liidu<br \/>\norganite otsuste kehtetuks tunnistamist.<br \/>\n6.8. Juhatus<br \/>\n6.8.1. Liidu esindamiseks ja t\u00f6\u00f6 juhtimiseks valib \u00fcldkoosolek kolme kuni kahek\u00fcmne<br \/>\nliikmelise juhatuse kaheks aastaks.<br \/>\n6.8.2. Juhatus valib oma liikmete hulgast esimehe ja aseesimehe (ed).<br \/>\n6.8.3. Juhatuse liikme v\u00f5ib \u00fcldkoosolek tagasi kutsuda kohustuste olulisel m\u00e4\u00e4ral<br \/>\nt\u00e4itmata j\u00e4tmise v\u00f5i v\u00f5imetuse korral Liitu juhtida v\u00f5i m\u00f5nel muul m\u00f5juval p\u00f5hjusel.<br \/>\n6.8.4. Juhatuse liige ei v\u00f5i oma kohustuste t\u00e4itmist panna kolmandale isikule.<br \/>\n6.8.5. Juhatus peab andma Liidu liikmetele vajalikku teavet juhtimise kohta ja esitama<br \/>\nnende n\u00f5udel vastava aruande.<br \/>\n6.8.6. Juhatuse esimehel ja aseesimehel on \u00f5igus esindada Liitu k\u00f5igis<br \/>\n\u00f5igustoimingutes ilma volituseta, teised juhatuse liikmed omavad seda \u00f5igust kui on<br \/>\nesindatud v\u00e4hemalt kolm juhatuse liiget.<br \/>\n6.8.7.Juhatus teostab k\u00f5iki Liidu juhtimisega seotud toiminguid millised ei kuulu<br \/>\n\u00fcldkoosoleku ainup\u00e4devusse.<br \/>\n6.8.8. Juhatus v\u00f5ib Liidu kinnisasju v\u00f5i registrisse kantud vallasasju v\u00f5\u00f5randada v\u00f5i<br \/>\nasja\u00f5igusega koormata.<br \/>\n6.8.9. Juhatus v\u00f5tab t\u00f6\u00f6le tegevdirektori ja kinnitab tema t\u00f6\u00f6 tasustamise tingimused. 6.8.10.Juhatusel on \u00f5igus m\u00e4\u00e4rata toetajaliikmete ja f\u00fc\u00fcsilisest isikust liikmete<br \/>\nliikmemaksude suurus.<br \/>\n6.9. Juhatuse otsus<br \/>\n6.9.1. Juhatus v\u00f5ib vastu v\u00f5tta otsuseid, kui selle kirjalikult v\u00f5i elektroonselt toimunud<br \/>\nkoosolekus osaleb \u00fcle poole juhatuse liikmetest.<br \/>\n6.9.2. Juhatuse otsuse vastuv\u00f5tmiseks on n\u00f5utav juhatuse kirjalikul v\u00f5i elektroonsel<br \/>\nkoosolekul osalenud juhatuse liikmete poolth\u00e4\u00e4lteenamus.<br \/>\n6.9.3. Juhatus v\u00f5ib otsuseid vastu v\u00f5tta koosolekut kokku kutsumata, kui selle poolt<br \/>\nh\u00e4\u00e4letavad kirjalikult v\u00f5i elektoonselt \u00fcle poole juhatuse liikmetest.<br \/>\n6.9.4. Juhatuse liige ei v\u00f5i osaleda h\u00e4\u00e4letamises, kui otsustatakse temaga kohtuvaidluse<br \/>\nalustamist v\u00f5i l\u00f5petamist Liidu poolt.<br \/>\n6.10. Tegevdirektor:<br \/>\n6.10.1.vastutab juhatuse ees \u00fcldkoosoleku ja juhatuse otsuste t\u00e4itmise,<br \/>\nmajandustegevuse, raamatupidamise ja aruandluse korraldamise eest;<br \/>\n6.10.2. korraldab palgalise aparaadi t\u00f6\u00f6d, v\u00f5tab t\u00f6\u00f6le ja vabastab Liidu palgalised<br \/>\nt\u00f6\u00f6tajad, m\u00e4\u00e4rab nende kohustuste ja vastutuse m\u00e4\u00e4ra ja kinnitab palgam\u00e4\u00e4rad vastavalt<br \/>\nkinnitatud eelarvele;<br \/>\n6.10.3. v\u00f5tab juhatuse t\u00f6\u00f6st osa n\u00f5uandva h\u00e4\u00e4lega;<br \/>\n6.10.4. k\u00e4sutab Liidu p\u00f5hi- ja k\u00e4ibevahendeid ja muud vara ning korraldab nende<br \/>\nsihip\u00e4rase kasutamise;<br \/>\n6.10.5. tegutseb Liidu nimel ilma volituseta ja omab \u00f5iguse seaduses etten\u00e4htud korras<br \/>\nedasi volitada;<br \/>\n6.10.6. tema \u00e4raolekul asendab teda tema poolt m\u00e4\u00e4ratud direktsiooni t\u00f6\u00f6taja;<br \/>\n6.10.7. lahendab muid jooksvaid k\u00fcsimusi millised ei kuulu \u00fcldkoosoleku v\u00f5i juhatuse<br \/>\nainup\u00e4devusse.<br \/>\n6.11.Juhatuse ja tegevdirektori vastutus<br \/>\n6.11.1. Juhatuse liige ja tegevdirektor vastutavad seaduse v\u00f5i p\u00f5hikirja n\u00f5uete<br \/>\nrikkumisega, samuti oma kohustuste t\u00e4itmata j\u00e4tmise v\u00f5i mitten\u00f5uetekohase t\u00e4itmisega<br \/>\nLiidule s\u00fc\u00fcliselt tekitatud kahju eest solidaarselt.<br \/>\n6.11.2. Juhatuse liige ja tegevdirektor, kes on oma kohustuste t\u00e4itmata j\u00e4tmise v\u00f5i<br \/>\nmitten\u00f5uetekohase t\u00e4itmisega tekitanud s\u00fc\u00fclist kahju Liidu v\u00f5lausaldajatele,<br \/>\nvastutavad v\u00f5lausaldajate ees solidaarselt Liiduga.<br \/>\n6.11.3. Juhatuse liikme ja tegevdirektori vastu esitatava n\u00f5ude aegumist\u00e4htaeg on viis<br \/>\naastat rikkumise toimumisest v\u00f5i rikkumise algusest.<br \/>\n6.12. J\u00e4relvalve<br \/>\n6.12.1. \u00dcldkoosolek teostab j\u00e4relvalvet Liidu teiste organite tegevuse \u00fcle. Selle<br \/>\n\u00fclesande t\u00e4itmiseks valib \u00fcldkoosolek audiitori v\u00f5i revisjonikomisjoni.<br \/>\n6.13. Raamatupidamine<br \/>\n6.13.1. Juhatus korraldab Liidu raamatupidamise vastavalt raamatupidamise seadusele<br \/>\nja heale raamatupidamistavale.<br \/>\n6.14. Majandusaasta aruanne<br \/>\n6.14.1. Majandusaasta algab 01. jaanuaril ja l\u00f5peb 31 detsembril. P\u00e4rast majandusaasta<br \/>\nl\u00f5ppu koostab juhatus raamatupidamise aastaaruande ja tegevusaruande seaduses<br \/>\ns\u00e4testatud korras. 6.14.2. Juhatus esitab aruande \u00fcldkoosolekule kuue kuu jooksul, arvates majandusaasta<br \/>\nl\u00f5ppemisest. Majandusaasta aruandele lisatakse audiitori v\u00f5i revisjonikomisjoni<br \/>\nkirjalik arvamus.<br \/>\n6.14.3. Majandusaasta aruande kinnitamise otsustab \u00fcldkoosolek.<br \/>\n6.14.4. Kinnitatud majandusaasta aruandele kirjutavad alla k\u00f5ik juhatuse liikmed.<br \/>\nVII Liidu tegevuse l\u00f5petamine<br \/>\n7.1. L\u00f5petamise aluseks v\u00f5ib olla:<br \/>\n7.1.1. \u00fcldkoosoleku otsus;<br \/>\n7.1.2. pankrotimenetluse alustamine Liidu vastu;<br \/>\n7.1.3. liidu liikmete arvu v\u00e4henemine alla viie;<br \/>\n7.1.4. \u00fcldkoosoleku v\u00f5imetus m\u00e4\u00e4rata seaduse v\u00f5i p\u00f5hikirjaga etten\u00e4htud organite<br \/>\nliikmed.<br \/>\n7.1.5. Muul seaduses v\u00f5i p\u00f5hikirjas etten\u00e4htud alusel.<br \/>\n7.2. Liidu likvideerimine<br \/>\n7.2.1. Liidu tegevuse l\u00f5petamisel toimub selle likvideerimine.<br \/>\n7.2.2. Liidu likvideerijateks on juhatuse liikmed. Sundl\u00f5petamise korral m\u00e4\u00e4rab<br \/>\nlikvideerijad kohus.<br \/>\n7.3. Liidu varade jaotamine<br \/>\n7.3.1. P\u00e4rast v\u00f5lausaldajate k\u00f5igi n\u00f5uete rahuldamist ja raha deponeerimist jaotatakse<br \/>\nallesj\u00e4\u00e4nud vara teiste, puidut\u00f6\u00f6tlemise valdkonnas, tegutsevate mittetulundus\u00fchingute<br \/>\nvahel<br \/>\n7.3.2. Kui vara ei saa jaotada k\u00e4esoleva p\u00f5hikirja punkti 7.3.1. alusel, l\u00e4htutakse vara<br \/>\njaotamisel seaduses s\u00e4testatud korrast.<br \/>\nVIII \u00dchinemine ja jagunemine<br \/>\n8.1 Liidu \u00fchinemine teiste mittetulundus\u00fchingutega ja jagunemine, jaotumise v\u00f5i<br \/>\neraldumise teel, toimub \u00fcldkoosoleku otsusel seaduses s\u00e4testatud korras.<br \/>\nKinnitatud \u00fcldkoosoleku otsusega 17.06.2021. aastal.<\/p>","protected":false},"excerpt":{"rendered":"<p>Kehtiv p\u00f5hikiri: EMTL p\u00f5hikiri_17.06.2021 MT\u00dc Eesti M\u00f6\u00f6blitootjate Liit P\u00d5HIKIRI I \u00dclds\u00e4tted 1.1. MT\u00dc Eesti M\u00f6\u00f6blitootjate Liit on m\u00f6\u00f6bli- ja puidut\u00f6\u00f6stuse sektoris tegutsevate t\u00f6\u00f6andjate vabatahtliku liikmelisuse alusel tegutsev mittetulunduslik era\u00f5iguslik juriidiline isik oma vara ja pangaarvega. Liidul v\u00f5ib olla oma s\u00fcmboolika. 1.2. MT\u00dc Eesti M\u00f6\u00f6blitootjate (edaspidi Liit) asukohaks on Tallinn, Eesti Vabariik. 1.3. V\u00e4hemalt \u00fcks kolmandik [&hellip;]<\/p>\n","protected":false},"author":3,"featured_media":0,"parent":0,"menu_order":0,"comment_status":"closed","ping_status":"closed","template":"","meta":{"_mi_skip_tracking":false,"_exactmetrics_sitenote_active":false,"_exactmetrics_sitenote_note":"","_exactmetrics_sitenote_category":0,"footnotes":""},"class_list":["post-2598","page","type-page","status-publish","hentry"],"_links":{"self":[{"href":"https:\/\/furnitureindustry.ee\/en\/wp-json\/wp\/v2\/pages\/2598","targetHints":{"allow":["GET"]}}],"collection":[{"href":"https:\/\/furnitureindustry.ee\/en\/wp-json\/wp\/v2\/pages"}],"about":[{"href":"https:\/\/furnitureindustry.ee\/en\/wp-json\/wp\/v2\/types\/page"}],"author":[{"embeddable":true,"href":"https:\/\/furnitureindustry.ee\/en\/wp-json\/wp\/v2\/users\/3"}],"replies":[{"embeddable":true,"href":"https:\/\/furnitureindustry.ee\/en\/wp-json\/wp\/v2\/comments?post=2598"}],"version-history":[{"count":8,"href":"https:\/\/furnitureindustry.ee\/en\/wp-json\/wp\/v2\/pages\/2598\/revisions"}],"predecessor-version":[{"id":5638,"href":"https:\/\/furnitureindustry.ee\/en\/wp-json\/wp\/v2\/pages\/2598\/revisions\/5638"}],"wp:attachment":[{"href":"https:\/\/furnitureindustry.ee\/en\/wp-json\/wp\/v2\/media?parent=2598"}],"curies":[{"name":"wp","href":"https:\/\/api.w.org\/{rel}","templated":true}]}}