{"id":2981,"date":"2016-05-27T15:05:32","date_gmt":"2016-05-27T12:05:32","guid":{"rendered":"http:\/\/furnitureindustry.ee\/?page_id=2981"},"modified":"2025-08-22T08:24:17","modified_gmt":"2025-08-22T05:24:17","slug":"majandusaasta-aruanne","status":"publish","type":"page","link":"https:\/\/furnitureindustry.ee\/en\/majandusaasta-aruanne\/","title":{"rendered":"Annual Report"},"content":{"rendered":"<p><\/p>\n\n\n<p><a href=\"https:\/\/furnitureindustry.ee\/wp-content\/uploads\/2016\/05\/EMTL-aruanne-2009.pdf\" target=\"_blank\" rel=\"noopener noreferrer\">EMTL MAA 2009<\/a><\/p>\n<p><a href=\"https:\/\/furnitureindustry.ee\/wp-content\/uploads\/2016\/05\/Aruanne_80096126_EMTL-19.05.11.pdf\" target=\"_blank\" rel=\"noopener noreferrer\">EMTL MAA 2010<\/a><\/p>\n<p><a href=\"https:\/\/furnitureindustry.ee\/wp-content\/uploads\/2016\/05\/Aruanne_80096126_1337228175-17.05.12.pdf\" target=\"_blank\" rel=\"noopener noreferrer\">EMTL MAA 2011<\/a><\/p>\n<p><a href=\"https:\/\/furnitureindustry.ee\/wp-content\/uploads\/2016\/05\/Aruanne_80096126-07.04.201310.05-..pdf\" target=\"_blank\" rel=\"noopener noreferrer\">EMTL MAA 2012<\/a><\/p>\n<p><a href=\"https:\/\/furnitureindustry.ee\/wp-content\/uploads\/2016\/05\/21.04Eesti-M\u00f6\u00f6blitootjate-Liit-2013.a-aruanne.pdf\" target=\"_blank\" rel=\"noopener noreferrer\">EMTL MAA 2013<\/a><\/p>\n<p><a href=\"https:\/\/furnitureindustry.ee\/wp-content\/uploads\/2016\/05\/2014-Aruanne-80096126-MT\u00dc-Eesti-M\u00f6\u00f6blitootjate-Liit.pdf\" target=\"_blank\" rel=\"noopener noreferrer\">EMTL MAA 2014<\/a><\/p>\n<p><a href=\"http:\/\/furnitureindustry.ee\/en\/aruanne_80096126_emtl\/\" target=\"_blank\" rel=\"noopener noreferrer\">EMTL MAA 2015<\/a><\/p>\n<p><a href=\"http:\/\/furnitureindustry.ee\/wp-content\/uploads\/2016\/05\/Aruanne_80096126_1492176679.pdf\" target=\"_blank\" rel=\"noopener noreferrer\">EMTL MAA 2016<\/a><\/p>\n<p><a href=\"https:\/\/furnitureindustry.ee\/wp-content\/uploads\/2020\/07\/majandusaasta-aruanne_80096126_1525789639.pdf\">EMTL MAA_2017<\/a><\/p>\n<p><a href=\"https:\/\/furnitureindustry.ee\/wp-content\/uploads\/2021\/05\/Aruanne_80096126_1559217728.pdf\">EMTL MAA_2018<\/a><\/p>\n<p><a href=\"https:\/\/furnitureindustry.ee\/wp-content\/uploads\/2020\/07\/EMTL_MAA_2019.pdf\">EMTL_MAA_2019<\/a><\/p>\n<p><a href=\"https:\/\/furnitureindustry.ee\/wp-content\/uploads\/2021\/07\/EMTL_MAA_2020.pdf\">EMTL_MAA_2020<\/a><\/p>\n<p><a href=\"https:\/\/furnitureindustry.ee\/wp-content\/uploads\/2025\/08\/MTU_Eesti_Mooblitootjate_Liit-aruanne_2021.pdf\">EMTL MAA 2021<\/a><\/p>\n<p><a href=\"https:\/\/furnitureindustry.ee\/wp-content\/uploads\/2025\/08\/MTU_Eesti_Mooblitootjate_Liit-aruanne_2022.pdf\">EMTL MAA 2022<\/a><\/p>\n<p><a href=\"https:\/\/furnitureindustry.ee\/wp-content\/uploads\/2025\/08\/MTU_Eesti_Mooblitootjate_Liit-aruanne_2023.pdf\">EMTL MAA 2023<\/a><\/p>\n<p><a href=\"https:\/\/furnitureindustry.ee\/wp-content\/uploads\/2025\/08\/MTU_Eesti_Mooblitootjate_Liit-aruanne_2024.pdf\">EMTL MAA 2024<\/a><\/p>\n\n\n<p><\/p>","protected":false},"excerpt":{"rendered":"<p>EMTL MAA 2009 EMTL MAA 2010 EMTL MAA 2011 EMTL MAA 2012 EMTL MAA 2013 EMTL MAA 2014 EMTL MAA 2015 EMTL MAA 2016 EMTL MAA_2017 EMTL MAA_2018 EMTL_MAA_2019 EMTL_MAA_2020 EMTL MAA 2021 EMTL MAA 2022 EMTL MAA 2023 EMTL MAA 2024<\/p>","protected":false},"author":3,"featured_media":0,"parent":0,"menu_order":0,"comment_status":"closed","ping_status":"closed","template":"","meta":{"_mi_skip_tracking":false,"_exactmetrics_sitenote_active":false,"_exactmetrics_sitenote_note":"","_exactmetrics_sitenote_category":0,"footnotes":""},"class_list":["post-2981","page","type-page","status-publish","hentry"],"_links":{"self":[{"href":"https:\/\/furnitureindustry.ee\/en\/wp-json\/wp\/v2\/pages\/2981","targetHints":{"allow":["GET"]}}],"collection":[{"href":"https:\/\/furnitureindustry.ee\/en\/wp-json\/wp\/v2\/pages"}],"about":[{"href":"https:\/\/furnitureindustry.ee\/en\/wp-json\/wp\/v2\/types\/page"}],"author":[{"embeddable":true,"href":"https:\/\/furnitureindustry.ee\/en\/wp-json\/wp\/v2\/users\/3"}],"replies":[{"embeddable":true,"href":"https:\/\/furnitureindustry.ee\/en\/wp-json\/wp\/v2\/comments?post=2981"}],"version-history":[{"count":24,"href":"https:\/\/furnitureindustry.ee\/en\/wp-json\/wp\/v2\/pages\/2981\/revisions"}],"predecessor-version":[{"id":6626,"href":"https:\/\/furnitureindustry.ee\/en\/wp-json\/wp\/v2\/pages\/2981\/revisions\/6626"}],"wp:attachment":[{"href":"https:\/\/furnitureindustry.ee\/en\/wp-json\/wp\/v2\/media?parent=2981"}],"curies":[{"name":"wp","href":"https:\/\/api.w.org\/{rel}","templated":true}]}}