{"id":3516,"date":"2017-02-01T12:52:11","date_gmt":"2017-02-01T10:52:11","guid":{"rendered":"http:\/\/furnitureindustry.ee\/?page_id=3516\/"},"modified":"2025-11-07T12:51:31","modified_gmt":"2025-11-07T10:51:31","slug":"emtl-esindajad-koolide-nounike-kogudes","status":"publish","type":"page","link":"https:\/\/furnitureindustry.ee\/en\/emtl-esindajad-koolide-nounike-kogudes\/","title":{"rendered":"EMTL esindajad koolide N\u00f5unike kogudes"},"content":{"rendered":"<p>Eesti M\u00f6\u00f6blitootjate Liit on esindatud j\u00e4rgmistes kutsekoolide n\u00f5unike kogudes:<\/p>\n<table>\n<tbody>\n<tr>\n<td width=\"150\"><strong>Kool<\/strong><\/td>\n<td width=\"77\"><strong>N\u00f5ukogu\/n\u00f5unike kogu liige<\/strong><\/td>\n<td width=\"223\"><strong>N\u00f5ukogu\/n\u00f5unike kogu liikme t\u00f6\u00f6koht<\/strong><\/td>\n<td width=\"201\"><strong>N\u00f5ukogu\/n\u00f5unike kogu liikme e-maili aadress<\/strong><\/td>\n<td width=\"145\"><strong>Kontakttelefon<\/strong><\/td>\n<td width=\"137\"><strong>Volituse aeg<\/strong><\/td>\n<\/tr>\n<tr>\n<td width=\"150\">Kuressaare Ametikool<\/td>\n<td width=\"77\">Katri Sosi<\/td>\n<td width=\"223\">Estonian Furniture Industry Association<\/td>\n<td width=\"201\"><a href=\"mailto:robert@kalla.ee\">info@furnitureindustry.ee<\/a><\/td>\n<td width=\"145\">5180068<\/td>\n<td width=\"137\">01.03.2026<\/td>\n<\/tr>\n<tr>\n<td width=\"150\">P\u00e4rnumaa Kutsehariduskeskus<\/td>\n<td width=\"77\">Andrus Sume<\/td>\n<td width=\"223\">Skano Furniture Factory O\u00dc<\/td>\n<td width=\"201\"><a href=\"mailto:august@brainteam.ee\">andrus.sume@skano.com<\/a><\/td>\n<td width=\"145\">5283176<\/td>\n<td width=\"137\">01.03.2026<\/td>\n<\/tr>\n<tr>\n<td width=\"150\">Tallinna Ehituskool<\/td>\n<td width=\"77\">Katri Sosi<\/td>\n<td width=\"223\">Estonian Furniture Industry Association<\/td>\n<td width=\"201\"><a href=\"mailto:info@furnitureindustry.ee\">info@furnitureindustry.ee<\/a><\/td>\n<td width=\"145\">5180068<\/td>\n<td width=\"137\">28.12.2021<\/td>\n<\/tr>\n<tr>\n<td width=\"150\">Valgamaa Kutse\u00f5ppekeskus<\/td>\n<td width=\"77\">Taimi Hillak<\/td>\n<td width=\"223\">Antsla Inno AS juhatuse liige<\/td>\n<td width=\"201\"><a href=\"mailto:Taimi.hillal@pohjanmaan.ee\">Taimi.hillal@pohjanmaan.ee<\/a><\/td>\n<td width=\"145\">5061179<\/td>\n<td width=\"137\">28.12.2021<\/td>\n<\/tr>\n<tr>\n<td width=\"150\">Viljandi Kutse\u00f5ppekeskus<\/td>\n<td width=\"77\">Taimi Hillak<\/td>\n<td width=\"223\">Antsla Inno AS juhatuse liige<\/td>\n<td width=\"201\"><a href=\"mailto:Taimi.hillal@pohjanmaan.ee\">Taimi.hillal@pohjanmaan.ee<\/a><\/td>\n<td width=\"145\">5061179<\/td>\n<td width=\"137\">28.12.2021<\/td>\n<\/tr>\n<tr>\n<td width=\"150\">V\u00f5rumaa Kutsehariduskeskus<\/td>\n<td width=\"77\">Jaan Kers<\/td>\n<td width=\"223\">TalTech puidut\u00f6\u00f6tlemise \u00f5ppetooli juhataja<\/td>\n<td width=\"201\"><a href=\"mailto:jaan.kers@taltech.ee\">jaan.kers@taltech.ee<\/a><\/td>\n<td width=\"145\">56690118<\/td>\n<td width=\"137\">28.12.2021<\/td>\n<\/tr>\n<\/tbody>\n<\/table>","protected":false},"excerpt":{"rendered":"<p>Eesti M\u00f6\u00f6blitootjate Liit on esindatud j\u00e4rgmistes kutsekoolide n\u00f5unike kogudes: Kool N\u00f5ukogu\/n\u00f5unike kogu liige N\u00f5ukogu\/n\u00f5unike kogu liikme t\u00f6\u00f6koht N\u00f5ukogu\/n\u00f5unike kogu liikme e-maili aadress Kontakttelefon Volituse aeg Kuressaare Ametikool Katri Sosi Eesti M\u00f6\u00f6blitootjate Liit info@furnitureindustry.ee 5180068 01.03.2026 P\u00e4rnumaa Kutsehariduskeskus Andrus Sume Skano Furniture Factory O\u00dc andrus.sume@skano.com 5283176 01.03.2026 Tallinna Ehituskool Katri Sosi Eesti M\u00f6\u00f6blitootjate Liit info@furnitureindustry.ee 5180068 [&hellip;]<\/p>\n","protected":false},"author":3,"featured_media":0,"parent":0,"menu_order":0,"comment_status":"closed","ping_status":"closed","template":"","meta":{"_mi_skip_tracking":false,"_exactmetrics_sitenote_active":false,"_exactmetrics_sitenote_note":"","_exactmetrics_sitenote_category":0,"footnotes":""},"class_list":["post-3516","page","type-page","status-publish","hentry"],"_links":{"self":[{"href":"https:\/\/furnitureindustry.ee\/en\/wp-json\/wp\/v2\/pages\/3516","targetHints":{"allow":["GET"]}}],"collection":[{"href":"https:\/\/furnitureindustry.ee\/en\/wp-json\/wp\/v2\/pages"}],"about":[{"href":"https:\/\/furnitureindustry.ee\/en\/wp-json\/wp\/v2\/types\/page"}],"author":[{"embeddable":true,"href":"https:\/\/furnitureindustry.ee\/en\/wp-json\/wp\/v2\/users\/3"}],"replies":[{"embeddable":true,"href":"https:\/\/furnitureindustry.ee\/en\/wp-json\/wp\/v2\/comments?post=3516"}],"version-history":[{"count":7,"href":"https:\/\/furnitureindustry.ee\/en\/wp-json\/wp\/v2\/pages\/3516\/revisions"}],"predecessor-version":[{"id":6962,"href":"https:\/\/furnitureindustry.ee\/en\/wp-json\/wp\/v2\/pages\/3516\/revisions\/6962"}],"wp:attachment":[{"href":"https:\/\/furnitureindustry.ee\/en\/wp-json\/wp\/v2\/media?parent=3516"}],"curies":[{"name":"wp","href":"https:\/\/api.w.org\/{rel}","templated":true}]}}