{"id":3766,"date":"2017-05-11T17:32:46","date_gmt":"2017-05-11T14:32:46","guid":{"rendered":"http:\/\/furnitureindustry.ee\/?page_id=3766\/"},"modified":"2026-03-27T12:37:16","modified_gmt":"2026-03-27T10:37:16","slug":"eksamid","status":"publish","type":"page","link":"https:\/\/furnitureindustry.ee\/en\/eksamid\/","title":{"rendered":"Exam Dates"},"content":{"rendered":"<h3 class=\"wp-block-heading\">Kutseeksamid 2026<\/h3>\n\n\n\n<p>Allj\u00e4rgnevalt on esitatud <strong>2026. aastal kavandatud kutseeksamid<\/strong> Eesti M\u00f6\u00f6blitootjate Liidu hallatavates kutsealades.<br>Eksamikorraldus toimub koost\u00f6\u00f6s kutse\u00f5ppeasutustega ning esitatud kuup\u00e4evad ja osalejate arvud v\u00f5ivad vajaduse korral t\u00e4psustuda.<\/p>\n\n\n\n<figure class=\"wp-block-table\"><table><thead><tr><td><strong>Kutsekool<\/strong><\/td><td><strong>Kutse<\/strong><\/td><td><strong>Tase<\/strong><\/td><td><strong>Eksami kuup\u00e4ev<\/strong><\/td><td><strong>Osalejaid<\/strong><\/td><\/tr><\/thead><tbody><tr><td><a href=\"https:\/\/www.astangu.ee\"><strong>Astangu Kutserehabilitatsiooni Keskus<\/strong><\/a><\/td><td>Puidupingioperaator<\/td><td><strong>3<\/strong><\/td><td>08.06.2026<\/td><td><strong>5<\/strong><\/td><\/tr><tr><td><a href=\"https:\/\/hkhk.edu.ee\"><strong>Haapsalu Kutsehariduskeskus<\/strong><\/a><\/td><td>Tisler<\/td><td><strong>4<\/strong><\/td><td>11.06.2026<\/td><td><strong>10<\/strong><\/td><\/tr><tr><td rowspan=\"2\"><a href=\"https:\/\/www.ametikool.ee\"><strong>Kuressaare Ametikool<\/strong><\/a><\/td><td>CNC puidut\u00f6\u00f6tlemiskeskuse operaator<\/td><td><strong>4<\/strong><\/td><td>08.05.2026<\/td><td><strong>10<\/strong><\/td><\/tr><tr><td>Tisler<\/td><td><strong>4<\/strong><\/td><td>05.06.2026<\/td><td><strong>9<\/strong><\/td><\/tr><tr><td><a href=\"https:\/\/www.hariduskeskus.ee\"><strong>P\u00e4rnumaa Kutsehariduskeskus<\/strong><\/a><\/td><td>Tisler<\/td><td><strong>4<\/strong><\/td><td>12.06.2026<\/td><td><strong>5<\/strong><\/td><\/tr><tr><td><a href=\"https:\/\/www.rak.ee\"><strong>Rakvere Ametikool<\/strong><\/a><\/td><td>Tisler<\/td><td><strong>4<\/strong><\/td><td>04.06.2026<\/td><td><strong>7<\/strong><\/td><\/tr><tr><td rowspan=\"2\"><a href=\"https:\/\/www.ehituskool.ee\"><strong>Tallinna Ehituskool<\/strong><\/a><\/td><td>CNC puidut\u00f6\u00f6tlemiskeskuse operaator<\/td><td><strong>4<\/strong><\/td><td>02.03.2026<\/td><td><strong>8<\/strong><\/td><\/tr><tr><td>Tisler<\/td><td><strong>4<\/strong><\/td><td>10.06.2026<\/td><td><strong>20<\/strong><\/td><\/tr><tr><td><a href=\"https:\/\/www.tktk.ee\"><strong>Tartu Rakenduslik Kolled\u017e<\/strong><\/a><\/td><td>CNC puidut\u00f6\u00f6tlemiskeskuse operaator<\/td><td><strong>4<\/strong><\/td><td>27.01.2026<\/td><td><strong>8<\/strong><\/td><\/tr><tr><td rowspan=\"2\"><a href=\"https:\/\/www.vhtk.ee\"><strong>V\u00f5rumaa Haridus- ja Tehnoloogiakeskus<\/strong><\/a><\/td><td>CNC puidut\u00f6\u00f6tlemiskeskuse operaator<\/td><td><strong>4<\/strong><\/td><td>22.01.2026<\/td><td><strong>6<\/strong><\/td><\/tr><tr><td>Tisler<\/td><td><strong>4<\/strong><\/td><td>09.06.2026<\/td><td><strong>3<\/strong><\/td><\/tr><\/tbody><\/table><\/figure>","protected":false},"excerpt":{"rendered":"<p>Kutseeksamid 2026 Allj\u00e4rgnevalt on esitatud 2026. aastal kavandatud kutseeksamid Eesti M\u00f6\u00f6blitootjate Liidu hallatavates kutsealades.Eksamikorraldus toimub koost\u00f6\u00f6s kutse\u00f5ppeasutustega ning esitatud kuup\u00e4evad ja osalejate arvud v\u00f5ivad vajaduse korral t\u00e4psustuda. Kutsekool Kutse Tase Eksami kuup\u00e4ev Osalejaid Astangu Kutserehabilitatsiooni Keskus Puidupingioperaator 3 08.06.2026 5 Haapsalu Kutsehariduskeskus Tisler 4 11.06.2026 10 Kuressaare Ametikool CNC puidut\u00f6\u00f6tlemiskeskuse operaator 4 08.05.2026 10 Tisler [&hellip;]<\/p>\n","protected":false},"author":3,"featured_media":0,"parent":0,"menu_order":0,"comment_status":"closed","ping_status":"closed","template":"","meta":{"_mi_skip_tracking":false,"_exactmetrics_sitenote_active":false,"_exactmetrics_sitenote_note":"","_exactmetrics_sitenote_category":0,"footnotes":""},"class_list":["post-3766","page","type-page","status-publish","hentry"],"_links":{"self":[{"href":"https:\/\/furnitureindustry.ee\/en\/wp-json\/wp\/v2\/pages\/3766","targetHints":{"allow":["GET"]}}],"collection":[{"href":"https:\/\/furnitureindustry.ee\/en\/wp-json\/wp\/v2\/pages"}],"about":[{"href":"https:\/\/furnitureindustry.ee\/en\/wp-json\/wp\/v2\/types\/page"}],"author":[{"embeddable":true,"href":"https:\/\/furnitureindustry.ee\/en\/wp-json\/wp\/v2\/users\/3"}],"replies":[{"embeddable":true,"href":"https:\/\/furnitureindustry.ee\/en\/wp-json\/wp\/v2\/comments?post=3766"}],"version-history":[{"count":14,"href":"https:\/\/furnitureindustry.ee\/en\/wp-json\/wp\/v2\/pages\/3766\/revisions"}],"predecessor-version":[{"id":7534,"href":"https:\/\/furnitureindustry.ee\/en\/wp-json\/wp\/v2\/pages\/3766\/revisions\/7534"}],"wp:attachment":[{"href":"https:\/\/furnitureindustry.ee\/en\/wp-json\/wp\/v2\/media?parent=3766"}],"curies":[{"name":"wp","href":"https:\/\/api.w.org\/{rel}","templated":true}]}}