{"id":41,"date":"2013-10-07T07:16:38","date_gmt":"2013-10-07T07:16:38","guid":{"rendered":"http:\/\/furnitureindustry.ee\/?page_id=41"},"modified":"2025-06-30T16:25:29","modified_gmt":"2025-06-30T13:25:29","slug":"juhatus-2","status":"publish","type":"page","link":"https:\/\/furnitureindustry.ee\/en\/juhatus-2\/","title":{"rendered":"Board"},"content":{"rendered":"<h3 class=\"wp-block-heading\">The Board of the Estonian Furniture Industry Association was elected at the General Meeting on 15 October 2024.<\/h3>\n\n\n\n<div class=\"contact-block clearfix\" style=\"background-color: #fff;\">\n<figure><a href=\"http:\/\/furnitureindustry.ee\/wp-content\/uploads\/2015\/09\/no_foto.jpg\"><img loading=\"lazy\" decoding=\"async\" class=\"alignnone size-full wp-image-1828\" src=\"http:\/\/furnitureindustry.ee\/wp-content\/uploads\/2015\/09\/no_foto.jpg\" alt=\"no_foto\" width=\"265\" height=\"265\" srcset=\"https:\/\/furnitureindustry.ee\/wp-content\/uploads\/2015\/09\/no_foto.jpg 265w, https:\/\/furnitureindustry.ee\/wp-content\/uploads\/2015\/09\/no_foto-100x100.jpg 100w, https:\/\/furnitureindustry.ee\/wp-content\/uploads\/2015\/09\/no_foto-150x150.jpg 150w, https:\/\/furnitureindustry.ee\/wp-content\/uploads\/2015\/09\/no_foto-50x50.jpg 50w, https:\/\/furnitureindustry.ee\/wp-content\/uploads\/2015\/09\/no_foto-140x140.jpg 140w\" sizes=\"auto, (max-width: 265px) 100vw, 265px\" \/><\/a><\/figure><p><\/p>\n<div class=\"contact-position\">Chair of the Board<\/div>\n<div class=\"contact-name\"><strong>PRIIT TAMM<\/strong><\/div>\n<div>Standard AS<\/div>\n<div class=\"contact-data\">\n<p>+372 5011488<\/p>\n<p><a href=\"\/en\/enn@standard.ee\/\">priit@standard.ee<\/a><\/p>\n<\/div>\n<\/div>\n\n\n\n<div class=\"contact-block clearfix\" style=\"background-color: #fff;\">\n<figure><a href=\"http:\/\/furnitureindustry.ee\/wp-content\/uploads\/2015\/09\/no_foto.jpg\"><img loading=\"lazy\" decoding=\"async\" class=\"alignnone size-full wp-image-1828\" src=\"http:\/\/furnitureindustry.ee\/wp-content\/uploads\/2015\/09\/no_foto.jpg\" alt=\"no_foto\" width=\"265\" height=\"265\" srcset=\"https:\/\/furnitureindustry.ee\/wp-content\/uploads\/2015\/09\/no_foto.jpg 265w, https:\/\/furnitureindustry.ee\/wp-content\/uploads\/2015\/09\/no_foto-100x100.jpg 100w, https:\/\/furnitureindustry.ee\/wp-content\/uploads\/2015\/09\/no_foto-150x150.jpg 150w, https:\/\/furnitureindustry.ee\/wp-content\/uploads\/2015\/09\/no_foto-50x50.jpg 50w, https:\/\/furnitureindustry.ee\/wp-content\/uploads\/2015\/09\/no_foto-140x140.jpg 140w\" sizes=\"auto, (max-width: 265px) 100vw, 265px\" \/><\/a><\/figure><p><\/p>\n<div class=\"contact-position\">Vice Chair of the Board<\/div>\n<div class=\"contact-name\"><strong>SIIRI TAMM<\/strong><\/div>\n<div>Harviker O\u00dc<\/div>\n<div class=\"contact-data\">\n<p>+372 5074464<\/p>\n<p><a href=\"\/en\/siiri@harviker.ee\/\">siiri@harviker.ee<\/a><\/p>\n<\/div>\n<\/div>\n\n\n\n<div class=\"contact-block clearfix\">\n<h3 class=\"contact-position\"><strong>Board Members:<\/strong><\/h3>\n<\/div>\n\n\n\n\n\n\n\n\n\n<div class=\"contact-block clearfix\" style=\"background-color: #fff;\">\n<div>\n<figure><a href=\"http:\/\/furnitureindustry.ee\/wp-content\/uploads\/2015\/09\/no_foto.jpg\"><img loading=\"lazy\" decoding=\"async\" class=\"alignnone size-full wp-image-1828\" src=\"http:\/\/furnitureindustry.ee\/wp-content\/uploads\/2015\/09\/no_foto.jpg\" alt=\"no_foto\" width=\"265\" height=\"265\" srcset=\"https:\/\/furnitureindustry.ee\/wp-content\/uploads\/2015\/09\/no_foto.jpg 265w, https:\/\/furnitureindustry.ee\/wp-content\/uploads\/2015\/09\/no_foto-100x100.jpg 100w, https:\/\/furnitureindustry.ee\/wp-content\/uploads\/2015\/09\/no_foto-150x150.jpg 150w, https:\/\/furnitureindustry.ee\/wp-content\/uploads\/2015\/09\/no_foto-50x50.jpg 50w, https:\/\/furnitureindustry.ee\/wp-content\/uploads\/2015\/09\/no_foto-140x140.jpg 140w\" sizes=\"auto, (max-width: 265px) 100vw, 265px\" \/><\/a><\/figure><p><\/p>\n<div class=\"contact-position\">Board Member:<\/div>\n<div class=\"contact-name\"><strong>JAEN UUSTALU<\/strong><\/div>\n<div>Plaat Detail O\u00dc<\/div>\n<div class=\"contact-data\">\n<p><span style=\"font-size: inherit;\">+372 5024743<\/span><\/p>\n<span style=\"font-size: inherit;\"><a href=\"\/en\/jaen@plaatdetail.ee\/\">jaen@plaatdetail.ee<\/a><\/span><\/div>\n<\/div>\n<div>&nbsp;<\/div>\n<\/div>\n\n\n\n<div class=\"contact-block clearfix\" style=\"background-color: #fff;\">\n<div>\n<figure><a href=\"http:\/\/furnitureindustry.ee\/wp-content\/uploads\/2015\/09\/no_foto.jpg\"><img loading=\"lazy\" decoding=\"async\" class=\"alignnone size-full wp-image-1828\" src=\"http:\/\/furnitureindustry.ee\/wp-content\/uploads\/2015\/09\/no_foto.jpg\" alt=\"no_foto\" width=\"265\" height=\"265\" srcset=\"https:\/\/furnitureindustry.ee\/wp-content\/uploads\/2015\/09\/no_foto.jpg 265w, https:\/\/furnitureindustry.ee\/wp-content\/uploads\/2015\/09\/no_foto-100x100.jpg 100w, https:\/\/furnitureindustry.ee\/wp-content\/uploads\/2015\/09\/no_foto-150x150.jpg 150w, https:\/\/furnitureindustry.ee\/wp-content\/uploads\/2015\/09\/no_foto-50x50.jpg 50w, https:\/\/furnitureindustry.ee\/wp-content\/uploads\/2015\/09\/no_foto-140x140.jpg 140w\" sizes=\"auto, (max-width: 265px) 100vw, 265px\" \/><\/a><\/figure><p><\/p>\n<div class=\"contact-position\">Board Member:<\/div>\n<div class=\"contact-name\"><strong>MATI SIRKEL<\/strong><\/div>\n<div>Sirkel Fabrics O\u00dc<\/div>\n<div class=\"contact-data\">\n<p><span style=\"font-size: inherit;\">+372 5069900<\/span><\/p>\n<span style=\"font-size: inherit;\"><a href=\"\/en\/mati@sirkelfabrics.ee\/\">mati@sirkelfabrics.ee<\/a><\/span><\/div>\n<\/div>\n<div>&nbsp;<\/div>\n<\/div>\n\n\n\n<div class=\"contact-block clearfix\" style=\"background-color: #fff;\">\n\n<div>\n<figure><a href=\"http:\/\/furnitureindustry.ee\/wp-content\/uploads\/2015\/09\/no_foto.jpg\"><img loading=\"lazy\" decoding=\"async\" class=\"alignnone size-full wp-image-1828\" src=\"http:\/\/furnitureindustry.ee\/wp-content\/uploads\/2015\/09\/no_foto.jpg\" alt=\"no_foto\" width=\"265\" height=\"265\" srcset=\"https:\/\/furnitureindustry.ee\/wp-content\/uploads\/2015\/09\/no_foto.jpg 265w, https:\/\/furnitureindustry.ee\/wp-content\/uploads\/2015\/09\/no_foto-100x100.jpg 100w, https:\/\/furnitureindustry.ee\/wp-content\/uploads\/2015\/09\/no_foto-150x150.jpg 150w, https:\/\/furnitureindustry.ee\/wp-content\/uploads\/2015\/09\/no_foto-50x50.jpg 50w, https:\/\/furnitureindustry.ee\/wp-content\/uploads\/2015\/09\/no_foto-140x140.jpg 140w\" sizes=\"auto, (max-width: 265px) 100vw, 265px\" \/><\/a><\/figure><p><\/p>\n<div class=\"contact-position\">Board Member:<\/div>\n<div class=\"contact-name\"><strong>LINNAR P\u00c4RN<\/strong><\/div>\n<div>Eesti Maa\u00fclikool<\/div>\n<div class=\"contact-data\">\n<p>+372 5019691<\/p>\n<a href=\"\/en\/linnar.parn@emu.ee\/\">linnar.parn@emu.ee<\/a><\/div>\n<\/div>\n<\/div>\n\n\n\n<div class=\"contact-block clearfix\" style=\"background-color: #fff;\">\n<div>\n<figure><a href=\"http:\/\/furnitureindustry.ee\/wp-content\/uploads\/2015\/09\/no_foto.jpg\"><img loading=\"lazy\" decoding=\"async\" class=\"alignnone size-full wp-image-1828\" src=\"http:\/\/furnitureindustry.ee\/wp-content\/uploads\/2015\/09\/no_foto.jpg\" alt=\"no_foto\" width=\"265\" height=\"265\" srcset=\"https:\/\/furnitureindustry.ee\/wp-content\/uploads\/2015\/09\/no_foto.jpg 265w, https:\/\/furnitureindustry.ee\/wp-content\/uploads\/2015\/09\/no_foto-100x100.jpg 100w, https:\/\/furnitureindustry.ee\/wp-content\/uploads\/2015\/09\/no_foto-150x150.jpg 150w, https:\/\/furnitureindustry.ee\/wp-content\/uploads\/2015\/09\/no_foto-50x50.jpg 50w, https:\/\/furnitureindustry.ee\/wp-content\/uploads\/2015\/09\/no_foto-140x140.jpg 140w\" sizes=\"auto, (max-width: 265px) 100vw, 265px\" \/><\/a><\/figure><p><\/p>\n<div class=\"contact-position\">Board Member:<\/div>\n<div class=\"contact-name\"><strong>HERKI H\u00c4LVIN<\/strong><\/div>\n<div>Kitman Thulema AS<\/div>\n<div class=\"contact-data\">\n<p><span style=\"font-size: inherit;\">+372 56691775<\/span><\/p>\n<\/div>\n<div>\n<a style=\"color: #333;\" href=\"\/en\/herki.hendrikson@kitmanthulema.ee\/\">herki.halvin@kitmanthulema.ee<\/a><\/div>\n<\/div>\n<\/div>\n\n\n\n<div class=\"contact-block clearfix\" style=\"background-color: #fff;\">\n<div>\n<figure><a href=\"http:\/\/furnitureindustry.ee\/wp-content\/uploads\/2015\/09\/no_foto.jpg\"><img loading=\"lazy\" decoding=\"async\" class=\"alignnone size-full wp-image-1828\" src=\"http:\/\/furnitureindustry.ee\/wp-content\/uploads\/2015\/09\/no_foto.jpg\" alt=\"no_foto\" width=\"265\" height=\"265\" srcset=\"https:\/\/furnitureindustry.ee\/wp-content\/uploads\/2015\/09\/no_foto.jpg 265w, https:\/\/furnitureindustry.ee\/wp-content\/uploads\/2015\/09\/no_foto-100x100.jpg 100w, https:\/\/furnitureindustry.ee\/wp-content\/uploads\/2015\/09\/no_foto-150x150.jpg 150w, https:\/\/furnitureindustry.ee\/wp-content\/uploads\/2015\/09\/no_foto-50x50.jpg 50w, https:\/\/furnitureindustry.ee\/wp-content\/uploads\/2015\/09\/no_foto-140x140.jpg 140w\" sizes=\"auto, (max-width: 265px) 100vw, 265px\" \/><\/a><\/figure><p><\/p>\n<div class=\"contact-position\">Board Member:<\/div>\n<div class=\"contact-name\"><strong><span style=\"color: revert; font-size: revert;\">ENN VESKIM\u00c4GI<\/span><\/strong><\/div>\n<div><span style=\"color: revert; font-size: revert;\">Marja Kinnisvara O\u00dc<\/span><\/div>\n<div class=\"contact-data\">\n<p><span style=\"font-size: inherit; color: revert;\">+372 5040028<\/span><\/p>\n<\/div>\n<div>\n<a style=\"color: #333;\" href=\"\/en\/enn@marjakv.ee\/\">enn@marjakv.ee<\/a><\/div>\n<\/div>\n<\/div>\n<\/div>\n<\/div>\n\n\n\n<div class=\"contact-block clearfix\" style=\"background-color: #fff;\">\n<div>\n<figure><a href=\"http:\/\/furnitureindustry.ee\/wp-content\/uploads\/2015\/09\/no_foto.jpg\"><img loading=\"lazy\" decoding=\"async\" class=\"alignnone size-full wp-image-1828\" src=\"http:\/\/furnitureindustry.ee\/wp-content\/uploads\/2015\/09\/no_foto.jpg\" alt=\"no_foto\" width=\"265\" height=\"265\" srcset=\"https:\/\/furnitureindustry.ee\/wp-content\/uploads\/2015\/09\/no_foto.jpg 265w, https:\/\/furnitureindustry.ee\/wp-content\/uploads\/2015\/09\/no_foto-100x100.jpg 100w, https:\/\/furnitureindustry.ee\/wp-content\/uploads\/2015\/09\/no_foto-150x150.jpg 150w, https:\/\/furnitureindustry.ee\/wp-content\/uploads\/2015\/09\/no_foto-50x50.jpg 50w, https:\/\/furnitureindustry.ee\/wp-content\/uploads\/2015\/09\/no_foto-140x140.jpg 140w\" sizes=\"auto, (max-width: 265px) 100vw, 265px\" \/><\/a><\/figure><p><\/p>\n<div class=\"contact-position\">Board Member:<\/div>\n<div class=\"contact-name\"><strong>ROLF RELANDER<\/strong><\/div>\n<div>Bellus Furniture O\u00dc\n<\/div>\n<div class=\"contact-data\">\n<p><span style=\"font-size: inherit;\">+372 502 7130<\/span><\/p>\n<\/div>\n<div>\n<a style=\"color: #333;\" href=\"\/en\/rolf.relander@bellus.com\/\">rolf.relander@bellus.com<\/a><\/div>\n<\/div>\n<\/div>\n<div class=\"contact-block clearfix\" style=\"background-color: #fff;\">\n<div>\n<figure><a href=\"http:\/\/furnitureindustry.ee\/wp-content\/uploads\/2015\/09\/no_foto.jpg\"><img loading=\"lazy\" decoding=\"async\" class=\"alignnone size-full wp-image-1828\" src=\"http:\/\/furnitureindustry.ee\/wp-content\/uploads\/2015\/09\/no_foto.jpg\" alt=\"no_foto\" width=\"265\" height=\"265\" srcset=\"https:\/\/furnitureindustry.ee\/wp-content\/uploads\/2015\/09\/no_foto.jpg 265w, https:\/\/furnitureindustry.ee\/wp-content\/uploads\/2015\/09\/no_foto-100x100.jpg 100w, https:\/\/furnitureindustry.ee\/wp-content\/uploads\/2015\/09\/no_foto-150x150.jpg 150w, https:\/\/furnitureindustry.ee\/wp-content\/uploads\/2015\/09\/no_foto-50x50.jpg 50w, https:\/\/furnitureindustry.ee\/wp-content\/uploads\/2015\/09\/no_foto-140x140.jpg 140w\" sizes=\"auto, (max-width: 265px) 100vw, 265px\" \/><\/a><\/figure><p><\/p>\n<div class=\"contact-position\">Board Member:<\/div>\n<div class=\"contact-name\"><strong><span style=\"color: revert; font-size: revert;\">MARGUS KRIPS<\/span><\/strong><\/div>\n<div><span style=\"color: revert; font-size: revert;\">Haapsalu Kutsehariduskeskus\n<\/span><\/div>\n<div class=\"contact-data\">\n<p><span style=\"font-size: inherit; color: revert;\">+372 5664 0922<\/span><\/p>\n<\/div>\n<div>\n<a style=\"color: #333;\" href=\"\/en\/margus.krips@hkhk.edu.ee\/\">margus.krips@hkhk.edu.ee<\/a><\/div>\n<\/div>\n<\/div>\n<\/div>\n\n\n\n<div class=\"contact-block clearfix\" style=\"background-color: #fff;\">\n<div>\n<figure><a href=\"http:\/\/furnitureindustry.ee\/wp-content\/uploads\/2015\/09\/no_foto.jpg\"><img loading=\"lazy\" decoding=\"async\" class=\"alignnone size-full wp-image-1828\" src=\"http:\/\/furnitureindustry.ee\/wp-content\/uploads\/2015\/09\/no_foto.jpg\" alt=\"no_foto\" width=\"265\" height=\"265\" srcset=\"https:\/\/furnitureindustry.ee\/wp-content\/uploads\/2015\/09\/no_foto.jpg 265w, https:\/\/furnitureindustry.ee\/wp-content\/uploads\/2015\/09\/no_foto-100x100.jpg 100w, https:\/\/furnitureindustry.ee\/wp-content\/uploads\/2015\/09\/no_foto-150x150.jpg 150w, https:\/\/furnitureindustry.ee\/wp-content\/uploads\/2015\/09\/no_foto-50x50.jpg 50w, https:\/\/furnitureindustry.ee\/wp-content\/uploads\/2015\/09\/no_foto-140x140.jpg 140w\" sizes=\"auto, (max-width: 265px) 100vw, 265px\" \/><\/a><\/figure><p><\/p>\n<div class=\"contact-position\">Board Member:<\/div>\n<div class=\"contact-name\"><strong><span style=\"color: revert; font-size: revert;\">JAAN KERS<\/span><\/strong><\/div>\n<div><span style=\"color: revert; font-size: revert;\">Tallinna Tehnika\u00fclikool<\/span><\/div>\n<div class=\"contact-data\">\n<p><span style=\"font-size: inherit; color: revert;\">+372 515 0873<\/span><\/p>\n<\/div>\n<div>\n<a style=\"color: #333;\" href=\"\/en\/jaan.kers@ttu.ee\/\">jaan.kers@ttu.ee<\/a><\/div>\n<\/div>\n<\/div>\n\n\n\n<div class=\"contact-block clearfix\" style=\"background-color: #fff;\">\n<div class=\"contact-block clearfix\" style=\"background-color: #fff;\">\n<div>\n<h2><strong>Audit Committee:<\/strong><\/h2>\n<div>Janno Kiviorg, Carpenter Engineered Foams O\u00dc ja Raivo Niidas, Tallinna Ehituskool<\/div>\n<\/div>\n<div class=\"col-md-6\">\n<div class=\"contact-block clearfix\" style=\"background-color: #fff;\">\n<h5>&nbsp;<\/h5>\n<h5 class=\"contact-position\">&nbsp;<\/h5>\n<h5>&nbsp;<\/h5>\n<\/div>\n<\/div>\n<\/div>","protected":false},"excerpt":{"rendered":"<p>Eesti M\u00f6\u00f6blitootjate Liidu juhatuse koosseis valiti 15. oktoober 2024.a. \u00fcldkoosolekul Juhatuse esimees PRIIT TAMM Standard AS +372 5011488 priit@standard.ee Juhatuse aseesimees SIIRI TAMM Harviker O\u00dc +372 5074464 siiri@harviker.ee Juhatuse liikmed: Juhatuse Liige JAEN UUSTALU Plaat Detail O\u00dc +372 5024743 jaen@plaatdetail.ee &nbsp; Juhatuse Liige MATI SIRKEL Sirkel Fabrics O\u00dc +372 5069900 mati@sirkelfabrics.ee &nbsp; Juhatuse Liige LINNAR [&hellip;]<\/p>\n","protected":false},"author":3,"featured_media":0,"parent":0,"menu_order":0,"comment_status":"open","ping_status":"open","template":"","meta":{"_mi_skip_tracking":false,"_exactmetrics_sitenote_active":false,"_exactmetrics_sitenote_note":"","_exactmetrics_sitenote_category":0,"footnotes":""},"class_list":["post-41","page","type-page","status-publish","hentry"],"_links":{"self":[{"href":"https:\/\/furnitureindustry.ee\/en\/wp-json\/wp\/v2\/pages\/41","targetHints":{"allow":["GET"]}}],"collection":[{"href":"https:\/\/furnitureindustry.ee\/en\/wp-json\/wp\/v2\/pages"}],"about":[{"href":"https:\/\/furnitureindustry.ee\/en\/wp-json\/wp\/v2\/types\/page"}],"author":[{"embeddable":true,"href":"https:\/\/furnitureindustry.ee\/en\/wp-json\/wp\/v2\/users\/3"}],"replies":[{"embeddable":true,"href":"https:\/\/furnitureindustry.ee\/en\/wp-json\/wp\/v2\/comments?post=41"}],"version-history":[{"count":154,"href":"https:\/\/furnitureindustry.ee\/en\/wp-json\/wp\/v2\/pages\/41\/revisions"}],"predecessor-version":[{"id":6731,"href":"https:\/\/furnitureindustry.ee\/en\/wp-json\/wp\/v2\/pages\/41\/revisions\/6731"}],"wp:attachment":[{"href":"https:\/\/furnitureindustry.ee\/en\/wp-json\/wp\/v2\/media?parent=41"}],"curies":[{"name":"wp","href":"https:\/\/api.w.org\/{rel}","templated":true}]}}