{"id":49,"date":"2013-10-07T07:16:39","date_gmt":"2013-10-07T07:16:39","guid":{"rendered":"http:\/\/furnitureindustry.ee\/?page_id=49"},"modified":"2025-12-08T09:55:11","modified_gmt":"2025-12-08T07:55:11","slug":"liikmeks-astumine-2","status":"publish","type":"page","link":"https:\/\/furnitureindustry.ee\/en\/liikmeks-astumine-2\/","title":{"rendered":"Joining the Estonian Furniture Industry Association"},"content":{"rendered":"<p>The Estonian Furniture Industry Association brings together all those connected to the furniture sector \u2013 including manufacturers, designers, suppliers, assembly partners, retailers, intermediaries, interior architects, educators, material and technology providers, legal and service partners, as well as other companies and organisations related to the sector.<br>If you feel you are part of the furniture world \u2013 you are welcome to join!<\/p>\n\n\n\n<figure class=\"wp-block-image size-large\"><a href=\"https:\/\/furnitureindustry.ee\/wp-content\/uploads\/2025\/10\/5-pohjust-miks-olla-EMTL-liige.png\"><img loading=\"lazy\" decoding=\"async\" width=\"1024\" height=\"576\" src=\"https:\/\/furnitureindustry.ee\/wp-content\/uploads\/2025\/10\/5-pohjust-miks-olla-EMTL-liige-1024x576.png\" alt=\"\" class=\"wp-image-6857\" srcset=\"https:\/\/furnitureindustry.ee\/wp-content\/uploads\/2025\/10\/5-pohjust-miks-olla-EMTL-liige-1024x576.png 1024w, https:\/\/furnitureindustry.ee\/wp-content\/uploads\/2025\/10\/5-pohjust-miks-olla-EMTL-liige-300x169.png 300w, https:\/\/furnitureindustry.ee\/wp-content\/uploads\/2025\/10\/5-pohjust-miks-olla-EMTL-liige-768x432.png 768w, https:\/\/furnitureindustry.ee\/wp-content\/uploads\/2025\/10\/5-pohjust-miks-olla-EMTL-liige-1536x864.png 1536w, https:\/\/furnitureindustry.ee\/wp-content\/uploads\/2025\/10\/5-pohjust-miks-olla-EMTL-liige-89x50.png 89w, https:\/\/furnitureindustry.ee\/wp-content\/uploads\/2025\/10\/5-pohjust-miks-olla-EMTL-liige-140x79.png 140w, https:\/\/furnitureindustry.ee\/wp-content\/uploads\/2025\/10\/5-pohjust-miks-olla-EMTL-liige-540x304.png 540w, https:\/\/furnitureindustry.ee\/wp-content\/uploads\/2025\/10\/5-pohjust-miks-olla-EMTL-liige.png 1920w\" sizes=\"auto, (max-width: 1024px) 100vw, 1024px\" \/><\/a><\/figure>\n\n\n\n<p>An applicant for membership acknowledges the Statutes of the Association, adheres to good business ethics, and supports the joint development and visibility of the Estonian furniture sector both in Estonia and internationally.<\/p>\n\n\n\n<h1 class=\"wp-block-heading\">Membership Fee Calculation and Payment<\/h1>\n\n\n\n<p><br>The amount of the membership fee and payment deadlines are approved annually by the EMTL General Meeting for the following financial year.<br>Current rate (since 2018):<\/p>\n\n\n\n<p><strong>0,05%<\/strong> based on the previous financial year\u2019s sales revenue,<br>but not less than <strong>200 euros<\/strong> and not more than <strong>2000 euros<\/strong> per year.<br>The membership fee is paid <strong>quarterly<\/strong> based on an invoice issued by the Association\u2019s accounting.<br>The payment deadline is <strong>21 days<\/strong> from the date of the invoice. In case of delay, a late payment interest applies <strong>0.03% per day.<\/strong>.<br><\/p>\n\n\n\n<p>Becoming a member is simple \u2013 complete the application and send it to us.<\/p>\n\n\n\n<p><a href=\"https:\/\/furnitureindustry.ee\/wp-content\/uploads\/2025\/10\/EMTL-Liikmeavaldus-2025-taidetav.pdf\">EMTL Membership Application 2026 (fillable)<\/a><\/p>\n\n\n\n<p><\/p>","protected":false},"excerpt":{"rendered":"<p>Eesti M\u00f6\u00f6blitootjate Liit koondab k\u00f5iki, kes on seotud m\u00f6\u00f6blivaldkonnaga \u2013 olgu tootjad, disainerid, tarnijad, koostepartnerid, m\u00fc\u00fcjad, vahendajad, sisearhitektid, koolitajad, materjali- ja tehnoloogiapakkujad, \u00f5igus- ja teenuspartnerid v\u00f5i muud sektoriga seotud ettev\u00f5tted ja organisatsioonid.Kui tunned, et oled osa m\u00f6\u00f6blimaailmast \u2013 oled oodatud liituma! Liikmeks astuja tunnustab Liidu p\u00f5hikirja, j\u00e4rgib h\u00e4id \u00e4rieetika tavasid ning toetab \u00fchiselt Eesti m\u00f6\u00f6blisektori [&hellip;]<\/p>\n","protected":false},"author":3,"featured_media":0,"parent":0,"menu_order":0,"comment_status":"open","ping_status":"open","template":"template-become-member.php","meta":{"_mi_skip_tracking":false,"_exactmetrics_sitenote_active":false,"_exactmetrics_sitenote_note":"","_exactmetrics_sitenote_category":0,"footnotes":""},"class_list":["post-49","page","type-page","status-publish","hentry"],"_links":{"self":[{"href":"https:\/\/furnitureindustry.ee\/en\/wp-json\/wp\/v2\/pages\/49","targetHints":{"allow":["GET"]}}],"collection":[{"href":"https:\/\/furnitureindustry.ee\/en\/wp-json\/wp\/v2\/pages"}],"about":[{"href":"https:\/\/furnitureindustry.ee\/en\/wp-json\/wp\/v2\/types\/page"}],"author":[{"embeddable":true,"href":"https:\/\/furnitureindustry.ee\/en\/wp-json\/wp\/v2\/users\/3"}],"replies":[{"embeddable":true,"href":"https:\/\/furnitureindustry.ee\/en\/wp-json\/wp\/v2\/comments?post=49"}],"version-history":[{"count":41,"href":"https:\/\/furnitureindustry.ee\/en\/wp-json\/wp\/v2\/pages\/49\/revisions"}],"predecessor-version":[{"id":7211,"href":"https:\/\/furnitureindustry.ee\/en\/wp-json\/wp\/v2\/pages\/49\/revisions\/7211"}],"wp:attachment":[{"href":"https:\/\/furnitureindustry.ee\/en\/wp-json\/wp\/v2\/media?parent=49"}],"curies":[{"name":"wp","href":"https:\/\/api.w.org\/{rel}","templated":true}]}}