{"id":527,"date":"2013-10-04T12:44:29","date_gmt":"2013-10-04T12:44:29","guid":{"rendered":"http:\/\/furnitureindustry.ee\/?page_id=527"},"modified":"2025-05-20T14:10:01","modified_gmt":"2025-05-20T11:10:01","slug":"kutseharidus","status":"publish","type":"page","link":"https:\/\/furnitureindustry.ee\/en\/kutseharidus\/","title":{"rendered":"Kutseeksamid 23.aprill &#8211; 16.juuni 2025"},"content":{"rendered":"<div class=\"wp-block-group\"><div class=\"wp-block-group__inner-container is-layout-flow wp-block-group-is-layout-flow\">\n<div class=\"wp-block-group\"><div class=\"wp-block-group__inner-container is-layout-flow wp-block-group-is-layout-flow\">\n<table width=\"828\">\n<tbody>\n<tr>\n<td width=\"192\"><strong>Kutse\u00f5ppeasutus<\/strong><\/td>\n<td width=\"159\"><strong>Eriala nimetus<\/strong><\/td>\n<td width=\"282\"><strong>Dokumentatsioon<\/strong><\/td>\n<td width=\"195\"><strong>Kutseeksami toimumise AEG<\/strong><\/td>\n<\/tr>\n<tr>\n<td>Rakvere Ametikool<\/td>\n<td>tisler, tase 4<\/td>\n<td width=\"282\">20 kalendrip\u00e4eva enne kutseeksamit esitada kutse andjale seletuskirjad<\/td>\n<td width=\"195\">23.04.2025<\/td>\n<\/tr>\n<tr>\n<td>\u00a0<\/td>\n<td>\u00a0<\/td>\n<td width=\"282\">\u00a0<\/td>\n<td width=\"195\">\u00a0<\/td>\n<\/tr>\n<tr>\n<td width=\"192\">Ida-Virumaa KHK<\/td>\n<td>PPO, tase 3<\/td>\n<td width=\"282\">\u00a0<\/td>\n<td width=\"195\">02.06.2025<\/td>\n<\/tr>\n<tr>\n<td width=\"192\">\u00a0<\/td>\n<td>CNC, tase 4<\/td>\n<td width=\"282\">\u00a0<\/td>\n<td width=\"195\">02.06.2025<\/td>\n<\/tr>\n<tr>\n<td>\u00a0<\/td>\n<td>\u00a0<\/td>\n<td width=\"282\">\u00a0<\/td>\n<td width=\"195\">\u00a0<\/td>\n<\/tr>\n<tr>\n<td>Tallinna Ehituskool<\/td>\n<td>PMV, tase 4<\/td>\n<td width=\"282\">kutseeksam toimub hommikul kell 9.00<\/td>\n<td>04.06.2025<\/td>\n<\/tr>\n<tr>\n<td>Astangu KRK<\/td>\n<td>puidut\u00f6\u00f6tleja, tase 3<\/td>\n<td width=\"282\">5 kalendrip\u00e4eva enne kutseeksamit esitada kutse andjale praktikat\u00f5enduskirjad. Kutseeksam toimuks kell 13.30<\/td>\n<td width=\"195\">04.06.2025<\/td>\n<\/tr>\n<tr>\n<td>Tallinna Ehituskool<\/td>\n<td>tisler , taese 4<\/td>\n<td width=\"282\">20 kalendrip\u00e4eva enne kutseeksamit esitada kutse andjale seletuskirjad<\/td>\n<td>05.06.2025<\/td>\n<\/tr>\n<tr>\n<td>\u00a0<\/td>\n<td>\u00a0<\/td>\n<td width=\"282\">\u00a0<\/td>\n<td width=\"195\">\u00a0<\/td>\n<\/tr>\n<tr>\n<td>Haapsalu KHK<\/td>\n<td>tisler, tase 4<\/td>\n<td width=\"282\">20 kalendrip\u00e4eva enne kutseeksamit esitada kutse andjale seletuskirjad<\/td>\n<td>06.06.2025<\/td>\n<\/tr>\n<tr>\n<td>\u00a0<\/td>\n<td>\u00a0<\/td>\n<td width=\"282\">\u00a0<\/td>\n<td width=\"195\">\u00a0<\/td>\n<\/tr>\n<tr>\n<td>Valgamaa K\u00d5K<\/td>\n<td>tisler, tase 4<\/td>\n<td width=\"282\">20 kalendrip\u00e4eva enne kutseeksamit esitada kutse andjale seletuskirjad<\/td>\n<td width=\"195\">09.06.2025<\/td>\n<\/tr>\n<tr>\n<td>\u00a0<\/td>\n<td>PMV, tase 4<\/td>\n<td>\u00a0<\/td>\n<td width=\"195\">09.06.2025<\/td>\n<\/tr>\n<tr>\n<td>\u00a0<\/td>\n<td>\u00a0<\/td>\n<td>\u00a0<\/td>\n<td width=\"195\">\u00a0<\/td>\n<\/tr>\n<tr>\n<td width=\"192\">V\u00f5rumaa Haridus-ja Tehnoloogiakeskus<\/td>\n<td>tisler, tase 4<\/td>\n<td width=\"282\">20 kalendrip\u00e4eva enne kutseeksamit esitada kutse andjale seletuskirjad<\/td>\n<td>10.06.2025<\/td>\n<\/tr>\n<tr>\n<td>\u00a0<\/td>\n<td>\u00a0<\/td>\n<td>\u00a0<\/td>\n<td>\u00a0<\/td>\n<\/tr>\n<tr>\n<td width=\"192\">Tartu Rakenduslik Kolled\u017e<\/td>\n<td>tisler, tase 4<\/td>\n<td width=\"282\">20 kalendrip\u00e4eva enne kutseeksamit esitada kutse andjale seletuskirjad<\/td>\n<td width=\"195\">11.06.2025<\/td>\n<\/tr>\n<tr>\n<td width=\"192\">\u00a0<\/td>\n<td>CNC, tase 4<\/td>\n<td>\u00a0<\/td>\n<td width=\"195\">12.06.2025<\/td>\n<\/tr>\n<tr>\n<td width=\"192\">\u00a0<\/td>\n<td>PPO, tase 3<\/td>\n<td width=\"282\">\u00a0<\/td>\n<td width=\"195\">12.06.2025<\/td>\n<\/tr>\n<tr>\n<td width=\"192\">\u00a0<\/td>\n<td>\u00a0<\/td>\n<td width=\"282\">\u00a0<\/td>\n<td width=\"195\">\u00a0<\/td>\n<\/tr>\n<tr>\n<td width=\"192\">Rakvere Ametikool<\/td>\n<td>CNC, tase 4<\/td>\n<td width=\"282\">\u00a0<\/td>\n<td width=\"195\">16.06.2025<\/td>\n<\/tr>\n<\/tbody>\n<\/table>\n<h3 style=\"text-align: center;\">Certification Procedure<\/h3>\n<p>\u00a0Tisler, tase 4, Puidupingioperaator, tase 3 ja CNC puidut\u00f6\u00f6tlemiskeskuse operaator, tase 4&#8243;\u00a0 kutse andmise kord: <a href=\"https:\/\/furnitureindustry.ee\/wp-content\/uploads\/2024\/05\/Moobli-tootmise-ja-CNC-puidutootlemiskeskuse-op.-kutsete-KA-kord-21.02.2024.pdf\">M\u00f6\u00f6bli-tootmise-ja-CNC-puidut\u00f6\u00f6tlemiskeskuse-op.-kutsete-KA-kord-21.02.2024<\/a><\/p>\n<p>&#8220;Pehme m\u00f6\u00f6blivalmistaja, tase 4 kutsete kutse andmise kord: <a href=\"https:\/\/furnitureindustry.ee\/wp-content\/uploads\/2023\/12\/KA-Pehme-moobli-valmistaja-tase-4.pdf\">KA Pehme m\u00f6\u00f6bli valmistaja tase 4<\/a><\/p>\n<p>Puidut\u00f6\u00f6tleja, tase 3 ja Puittoodete konstrueerija-tehnoloog tase 5 kutse andmise kord:<a href=\"https:\/\/furnitureindustry.ee\/wp-content\/uploads\/2024\/05\/Puidutootleja-ja-puittoodete-konstrueerija-tehnoloogi-kutsete-KA-kord-02.05.2024.pdf\">Puidut\u00f6\u00f6tleja-ja-puittoodete-konstrueerija-tehnoloogi-kutsete-KA-kord-02.05.2024<\/a>\u00a0<\/p>\n<h4>\u00a0<\/h4>\n<h4 style=\"text-align: center;\">Kutse taotlemise eeltingimused:<\/h4>\n<p>Kutse <strong>tisler, tase 4<\/strong> eeltingimused on: tisler, tase 4 kutsestandardile vastava kutse\u00f5ppe taseme\u00f5ppe \u00f5ppekava t\u00e4ies mahus l\u00e4bimine v\u00f5i v\u00e4hemalt 3 aastane praktiline t\u00f6\u00f6kogemus tislerina.<\/p>\n<p>Kutse <strong>puidupingioperaator, tase 3<\/strong> eeltingimused on: l\u00e4binud t\u00e4ies mahus puidupingioperaator, tase 3 kutse\u00f5ppe \u00f5ppekava v\u00f5i v\u00e4hemalt 1 aastane t\u00f6\u00f6kogemus puidupingioperaatorina ning l\u00e4bitud t\u00e4iendkoolituse raames omandatud ka vastava kutseala teoreetilised teadmised.<\/p>\n<p>Kutse <strong>CNC puidut\u00f6\u00f6tlemiskeskuse operaator, tase 4<\/strong> eeltingimused on: l\u00e4binud t\u00e4ies mahus eelpool nimetatud eriala kutse\u00f5ppe taseme\u00f5ppe \u00f5ppekava, v\u00f5i v\u00e4hemalt 1 aastane t\u00f6\u00f6kogemus CNC PPO operaatorina ning l\u00e4bitud t\u00e4iendkoolituse raames omandatud ka vastava kutseala teoreetilised teadmised.<\/p>\n<p>Kutse <strong>pehme m\u00f6\u00f6bli valmistaja, tase 4<\/strong> eeltingimused on: kutse\u00f5ppe taseme\u00f5ppe l\u00f5petajatel on t\u00e4iesmahus \u00f5ppekava v\u00f5i osakutse \u00f5ppekava teoreetiline ning praktiline osa l\u00e4bimine.<\/p>\n<p>Kutse taotleja avaldus: <a href=\"https:\/\/furnitureindustry.ee\/wp-content\/uploads\/2020\/12\/kutse-taotlemise_avaldus-2.docx\">kutse-taotlemise_avaldus<\/a><\/p>\n<h4>\u00a0<\/h4>\n<h4 style=\"text-align: center;\">KUTSESTANDARDID:<\/h4>\n<p>Tisler, tase 4:<\/p>\n<p><a href=\"https:\/\/www.kutseregister.ee\/ctrl\/et\/Standardid\/exportPdf\/11235885\/?nocache=debde2fd92\">https:\/\/www.kutseregister.ee\/ctrl\/et\/Standardid\/exportPdf\/11235885\/?nocache=debde2fd92<\/a><\/p>\n<p>CNC puidut\u00f6\u00f6tlemiskeskuse operaator, tase 4:<\/p>\n<p><a href=\"https:\/\/www.kutseregister.ee\/ctrl\/et\/Standardid\/exportPdf\/11215363\/?nocache=wa993fb4ea\">https:\/\/www.kutseregister.ee\/ctrl\/et\/Standardid\/exportPdf\/11215363\/?nocache=wa993fb4ea<\/a><\/p>\n<p>Puidupingioperaator, tase 3:\u00a0<\/p>\n<p><a href=\"https:\/\/www.kutseregister.ee\/ctrl\/et\/Standardid\/exportPdf\/11069492\/?nocache=j0a62ed485\">https:\/\/www.kutseregister.ee\/ctrl\/et\/Standardid\/exportPdf\/11069492\/?nocache=j0a62ed485<\/a><\/p>\n<p>Pehme m\u00f6\u00f6bli valmistaja, tase 4:\u00a0<\/p>\n<p><a href=\"https:\/\/www.kutseregister.ee\/ctrl\/et\/Standardid\/exportPdf\/11215379\/?nocache=t89b29f138\">https:\/\/www.kutseregister.ee\/ctrl\/et\/Standardid\/exportPdf\/11215379\/?nocache=t89b29f138<\/a><\/p>\n<p>Puidut\u00f6\u00f6tleja, tase 3:\u00a0<\/p>\n<p><a href=\"https:\/\/www.kutseregister.ee\/ctrl\/et\/Standardid\/exportPdf\/10979092\/?nocache=aa7a1ba9bd\">https:\/\/www.kutseregister.ee\/ctrl\/et\/Standardid\/exportPdf\/10979092\/?nocache=aa7a1ba9bd<\/a><\/p>\n<p>Puittoodete konstrueerija-tehnoloog, tase 5<\/p>\n<p><a href=\"https:\/\/www.kutseregister.ee\/ctrl\/et\/Standardid\/exportPdf\/11254655\/?nocache=j988194a65\">https:\/\/www.kutseregister.ee\/ctrl\/et\/Standardid\/exportPdf\/11254655\/?nocache=j988194a65<\/a><\/p>\n<h3>\u00a0<\/h3>\n<h3 style=\"text-align: center;\">Hindamisstandardid:<\/h3>\n<p>Tisler, tase 4 hindamisstandard: <a href=\"https:\/\/furnitureindustry.ee\/wp-content\/uploads\/2025\/05\/Tisler-tase-4-hindamisstandard_16.12.2024.pdf\">Tisler tase 4 hindamisstandard_16.12.2024<\/a><\/p>\n<p>CNC, tase 4 hindamisstandard: <a href=\"https:\/\/furnitureindustry.ee\/wp-content\/uploads\/2025\/04\/CNC-PPO-tase-4-hindamisstandard_21.12.2020.pdf\">CNC PPO tase 4 hindamisstandard_21.12.2020<\/a><\/p>\n<p>Puidupingioperaator, tase 3 hindamisstandard: <a href=\"https:\/\/furnitureindustry.ee\/wp-content\/uploads\/2020\/06\/PPO-tase-3-hindamisstandard.pdf\">PPO, tase 3 hindamisstandard<\/a><\/p>\n<p>Pehme m\u00f6\u00f6bli valmistaja, tase 4 hindamisstandard: <a href=\"https:\/\/furnitureindustry.ee\/wp-content\/uploads\/2025\/04\/PMV-tase-4-hindamisstandard_06.05.2024.pdf\">PMV, tase 4 hindamisstandard_06.05.2024<\/a><\/p>\n<p>Puittoodete konstrueerja-tehnoloog, tase 5 hindamisstandard: <a href=\"https:\/\/furnitureindustry.ee\/wp-content\/uploads\/2023\/11\/HS_puittoodete-konstrueerija-tehnoloog-tase-5.pdf\">HS_puittoodete konstrueerija-tehnoloog, tase 5<\/a><\/p>\n<p>Puidut\u00f6\u00f6tleja, tase 3 hindamisstandard: <a href=\"https:\/\/furnitureindustry.ee\/wp-content\/uploads\/2025\/05\/puidutootleja-tase-3-hindamisstandard_16.02.2024-1.pdf\">puidut\u00f6\u00f6tleja tase 3 hindamisstandard_16.02.2024<\/a><\/p>\n<h3>\u00a0<\/h3>\n<h3 style=\"text-align: center;\"><strong>KUTSE TAOTLEMISE TASU SUURUS JA KUIDAS SEDA TASUDA<\/strong><\/h3>\n<p>Tisler, tase 4;\u00a0Puidupingioperaator, tase 3, CNC puidut\u00f6\u00f6tlemiskeskuse operaator, tase 4, Pehme m\u00f6\u00f6bli valmistaja, tase 4, puidut\u00f6\u00f6telja, tase 3 ja puittoodete konstrueerija-tehnoloog, tase 5\u00a0 \u00a0kutsete taotlemise tasu suurus on Haridus- ja Teadusministeeriumi poolt kinnitatud kutseeksami tasu piirm\u00e4\u00e4r. Vaata hindade infot Kutsekoja kodulehelt: . <a href=\"https:\/\/www.kutseregister.ee\/ctrl\/et\/KAO\/vaata\/10086696?show_avalik=1#komp_tasud\">https:\/\/www.kutseregister.ee\/ctrl\/et\/KAO\/vaata\/10086696?show_avalik=1#komp_tasud<\/a><\/p>\n<p>Eksamitasud tuleb maksta vastavalt kutse andja poolt esitatud arve alusel m\u00e4rgitud kuup\u00e4evaks.\u00a0 Eesti M\u00f6\u00f6blitootjate Liidu arveldusarvele EE062200001120030373 Swedbank. Eksamitasud tuleb \u00fcle kanda t\u00e4ies ulatuses ja kinnitus arve tasumise kohta, palun saata: \u00a0e-post:\u00a0<a href=\"\/en\/info@furnitureindustry.ee\/\">info@furnitureindustry.ee<\/a><\/p>\n<p><strong><a href=\"https:\/\/furnitureindustry.ee\/wp-content\/uploads\/2020\/12\/Kutse-ja-hindamiskomisjoni-tookord_2020.pdf\">Kutse ja hindamiskomisjoni t\u00f6\u00f6kord_2020<\/a><\/strong><\/p>\n<table id=\"kao_kutsekomisjon_tabel\" class=\"raamiga\" style=\"height: 246px;\" width=\"1047\">\n<tbody id=\"body_kao_kutsekomisjon_tabel\">\n<tr id=\"\" class=\"\">\n<td colspan=\"3\"><b>Tisler, tase 4, pehme m\u00f6\u00f6bli valmistaja tase 4, CNC puidut\u00f6\u00f6tlemiskeskuse operaator, tase 4 ja puidupingioperaator, tase 3 kutsekomisjoni koosseis:<\/b><\/td>\n<\/tr>\n<tr id=\"\" class=\"\">\n<td>1.1<\/td>\n<td>Tarmo Kalmann<\/td>\n<td>Astangu Rehabilitatsiooni Keskus<\/td>\n<td>kutsekomisjoni esimees<\/td>\n<\/tr>\n<tr id=\"\" class=\"\">\n<td>1.2<\/td>\n<td>Uve Uustalu<\/td>\n<td>Helland Baltic O\u00dc<\/td>\n<td>kutsekomisjoni liige<\/td>\n<\/tr>\n<tr id=\"\" class=\"\">\n<td>1.3<\/td>\n<td>Arvi Lokk<\/td>\n<td>Eesti Maa\u00fclikool<\/td>\n<td>kutsekomisjoni liige<\/td>\n<\/tr>\n<tr id=\"\" class=\"\">\n<td>1.4<\/td>\n<td>Eneli Org<\/td>\n<td>Estonian Furniture Industry Association<\/td>\n<td>kutsekomisjoni liige<\/td>\n<\/tr>\n<tr id=\"\" class=\"\">\n<td>1.5<\/td>\n<td>Siim Soomets<\/td>\n<td>O\u00dc Polstergeist<\/td>\n<td>kutsekomisjoni\u00a0 aseesimees\u00a0<\/td>\n<\/tr>\n<tr id=\"\" class=\"\">\n<td>1.6<\/td>\n<td>Marek K\u00fc\u00fcnarpuu<\/td>\n<td>AS Arens<\/td>\n<td>kutsekomisjoni liige<\/td>\n<\/tr>\n<tr id=\"\" class=\"\">\n<td>\u00a0<\/td>\n<td>\u00a0<\/td>\n<td>\u00a0<\/td>\n<td>\u00a0<\/td>\n<\/tr>\n<\/tbody>\n<\/table>\n<p><!--more--><\/p>\n<table id=\"kao_kutsekomisjon_tabel\" class=\"raamiga\" style=\"height: 246px;\" width=\"1047\">\n<tbody id=\"body_kao_kutsekomisjon_tabel\">\n<tr id=\"\" class=\"\">\n<td colspan=\"3\"><b>Puidut\u00f6\u00f6tleja tase 3 ja puittoodete konstrueerija-tehnoloog, tase 5 kutsekomisjoni koosseis:<\/b><\/td>\n<\/tr>\n<tr id=\"\" class=\"\">\n<td>1.1<\/td>\n<td>Tarmo Kalmann<\/td>\n<td>Astangu Rehabilitatsiooni Keskus<\/td>\n<td>kutsekomisjoni esimees<\/td>\n<\/tr>\n<tr id=\"\" class=\"\">\n<td>1.2<\/td>\n<td>Uve Uustalu<\/td>\n<td>Helland Baltic O\u00dc<\/td>\n<td>kutsekomisjoni liige<\/td>\n<\/tr>\n<tr id=\"\" class=\"\">\n<td>1.3<\/td>\n<td>Arvi Lokk<\/td>\n<td>Eesti Maa\u00fclikool<\/td>\n<td>kutsekomisjoni liige<\/td>\n<\/tr>\n<tr id=\"\" class=\"\">\n<td>1.4<\/td>\n<td>Eneli Org<\/td>\n<td>Estonian Furniture Industry Association<\/td>\n<td>kutsekomisjoni liige<\/td>\n<\/tr>\n<tr id=\"\" class=\"\">\n<td>1.5<\/td>\n<td>Siim Soomets<\/td>\n<td>O\u00dc Polstergeist<\/td>\n<td>kutsekomisjoni\u00a0 aseesimees\u00a0<\/td>\n<\/tr>\n<tr id=\"\" class=\"\">\n<td>1.6<\/td>\n<td>Marek K\u00fc\u00fcnarpuu<\/td>\n<td>AS Arens<\/td>\n<td>kutsekomisjoni liige<\/td>\n<\/tr>\n<tr id=\"\" class=\"\">\n<td>1.7<\/td>\n<td>Erkki Naarits<\/td>\n<td>kompetentsikeskus Tsenter<\/td>\n<td>kutsekomisjoni liige<\/td>\n<\/tr>\n<\/tbody>\n<\/table>\n<h3>\u00a0<\/h3>\n<h3 style=\"text-align: center;\">KUTSEEKSAMIKS ETTEVALMISTAVAD MATERJALID NING K\u00dcSIMUSTIKUD<\/h3>\n<p><strong>CNC puidut\u00f6\u00f6tlemiskeskuse operaator, tase 4 kordamisk\u00fcsimused:\u00a0<a href=\"https:\/\/testid.edu.ee\/eis\/lahendamine?rid=03386785938400827&amp;sort=ylesanne.id&amp;psize=&amp;id=&amp;aine=CNC&amp;aste=&amp;kvaliteet=&amp;teema=&amp;alateema=&amp;ylkogu_id=&amp;testiliik=&amp;keeletase=&amp;lang=&amp;kysimus=&amp;otsi=1\">https:\/\/testid.edu.ee\/eis\/lahendamine?rid=03386785938400827&amp;sort=ylesanne.id&amp;psize=&amp;id=&amp;aine=CNC&amp;aste=&amp;kvaliteet=&amp;teema=&amp;alateema=&amp;ylkogu_id=&amp;testiliik=&amp;keeletase=&amp;lang=&amp;kysimus=&amp;otsi=1<\/a><\/strong><\/p>\n<p><strong>Puidupingioperaator, tase 3 kordamisk\u00fcsimused:<\/strong><\/p>\n<p><a href=\"https:\/\/testid.edu.ee\/eis\/lahendamine?rid=6269230603472097&amp;sort=ylesanne.id&amp;psize=&amp;id=&amp;aine=PPO&amp;aste=&amp;kvaliteet=&amp;teema=&amp;alateema=&amp;ylkogu_id=&amp;testiliik=&amp;keeletase=&amp;lang=&amp;kysimus=&amp;otsi=1\">https:\/\/testid.edu.ee\/eis\/lahendamine?rid=6269230603472097&amp;sort=ylesanne.id&amp;psize=&amp;id=&amp;aine=PPO&amp;aste=&amp;kvaliteet=&amp;teema=&amp;alateema=&amp;ylkogu_id=&amp;testiliik=&amp;keeletase=&amp;lang=&amp;kysimus=&amp;otsi=1<\/a><\/p>\n<p><strong>Tisler, tase 4 kordamisk\u00fcsimused:<\/strong><\/p>\n<p><a href=\"https:\/\/testid.edu.ee\/eis\/lahendamine?rid=06629103526857094&amp;sort=ylesanne.id&amp;psize=&amp;id=&amp;aine=tisler&amp;aste=&amp;kvaliteet=&amp;teema=&amp;alateema=&amp;ylkogu_id=&amp;testiliik=&amp;keeletase=&amp;lang=&amp;kysimus=&amp;otsi=1\">https:\/\/testid.edu.ee\/eis\/lahendamine?rid=06629103526857094&amp;sort=ylesanne.id&amp;psize=&amp;id=&amp;aine=tisler&amp;aste=&amp;kvaliteet=&amp;teema=&amp;alateema=&amp;ylkogu_id=&amp;testiliik=&amp;keeletase=&amp;lang=&amp;kysimus=&amp;otsi=1<\/a><\/p>\n<h3 style=\"text-align: center;\">KUTSETUNNISTUSED<\/h3>\n<p><a href=\"http:\/\/kutsekoda.ee\/et\/kutseregister\/kutsetunnistused\" target=\"_blank\" rel=\"noopener noreferrer\">Kutsetunnistuste<\/a> otsing Kutsekoja kodulehel.<\/p>\n<p><a href=\"http:\/\/kutsekoda.ee\/et\/kutseregister\/kutsetunnistuselisad\" target=\"_blank\" rel=\"noopener noreferrer\">Kutsetunnistuse lisad<\/a>, mida on v\u00f5imalik v\u00e4lja tr\u00fckkida nii eesti kui ka inglise keeles. Kutsetunnistuse lisa selgitab l\u00fchidalt, millised oskused ja teadmised kutsetunnistuse omanikul on ja kes on kutsetunnistuse v\u00e4ljastaja. Kutsetunnistuse lisa lihtsustab ka riikidevahelist t\u00f6\u00f6j\u00f5u liiku<\/p>\n<h3>\u00a0<\/h3>\n<h3 style=\"text-align: center;\">KONTAKTINFO N\u00d5USTAMISE JA LISAINFO SAAMISEKS<\/h3>\n<p>T\u00e4iendavat informatsiooni:<\/p>\n<p>Estonian Furniture Industry Association<\/p>\n<p>+372 5180068, kontaktisik Eneli Org<\/p>\n<p>e-post:\u00a0<a href=\"\/en\/info@furnitureindustry.ee\/\">info@furnitureindustry.ee<\/a><\/p>\n\n\n\n<p><\/p>\n<\/div><\/div>\n<\/div><\/div>\n\n\n\n<div class=\"wp-block-group\"><div class=\"wp-block-group__inner-container is-layout-flow wp-block-group-is-layout-flow\"><\/div><\/div>\n\n\n\n<p><\/p>","protected":false},"excerpt":{"rendered":"<p>Kutse\u00f5ppeasutus Eriala nimetus Dokumentatsioon Kutseeksami toimumise AEG Rakvere Ametikool tisler, tase 4 20 kalendrip\u00e4eva enne kutseeksamit esitada kutse andjale seletuskirjad 23.04.2025 \u00a0 \u00a0 \u00a0 \u00a0 Ida-Virumaa KHK PPO, tase 3 \u00a0 02.06.2025 \u00a0 CNC, tase 4 \u00a0 02.06.2025 \u00a0 \u00a0 \u00a0 \u00a0 Tallinna Ehituskool PMV, tase 4 kutseeksam toimub hommikul kell 9.00 04.06.2025 Astangu KRK [&hellip;]<\/p>\n","protected":false},"author":3,"featured_media":0,"parent":0,"menu_order":1,"comment_status":"open","ping_status":"open","template":"","meta":{"_mi_skip_tracking":false,"_exactmetrics_sitenote_active":false,"_exactmetrics_sitenote_note":"","_exactmetrics_sitenote_category":0,"footnotes":""},"class_list":["post-527","page","type-page","status-publish","hentry"],"_links":{"self":[{"href":"https:\/\/furnitureindustry.ee\/en\/wp-json\/wp\/v2\/pages\/527","targetHints":{"allow":["GET"]}}],"collection":[{"href":"https:\/\/furnitureindustry.ee\/en\/wp-json\/wp\/v2\/pages"}],"about":[{"href":"https:\/\/furnitureindustry.ee\/en\/wp-json\/wp\/v2\/types\/page"}],"author":[{"embeddable":true,"href":"https:\/\/furnitureindustry.ee\/en\/wp-json\/wp\/v2\/users\/3"}],"replies":[{"embeddable":true,"href":"https:\/\/furnitureindustry.ee\/en\/wp-json\/wp\/v2\/comments?post=527"}],"version-history":[{"count":369,"href":"https:\/\/furnitureindustry.ee\/en\/wp-json\/wp\/v2\/pages\/527\/revisions"}],"predecessor-version":[{"id":6443,"href":"https:\/\/furnitureindustry.ee\/en\/wp-json\/wp\/v2\/pages\/527\/revisions\/6443"}],"wp:attachment":[{"href":"https:\/\/furnitureindustry.ee\/en\/wp-json\/wp\/v2\/media?parent=527"}],"curies":[{"name":"wp","href":"https:\/\/api.w.org\/{rel}","templated":true}]}}