{"id":6875,"date":"2025-11-05T17:33:42","date_gmt":"2025-11-05T15:33:42","guid":{"rendered":"https:\/\/furnitureindustry.ee\/?page_id=6875"},"modified":"2026-04-06T14:28:13","modified_gmt":"2026-04-06T11:28:13","slug":"liikmed-2","status":"publish","type":"page","link":"https:\/\/furnitureindustry.ee\/en\/liikmed-2\/","title":{"rendered":"Members"},"content":{"rendered":"<style>\n  .member-wrap {\n    max-width: 1200px;\n    margin: 40px auto 60px;\n    padding: 0 20px;\n  }\n\n  .member-grid {\n    display: grid;\n    grid-template-columns: 1fr;\n    gap: 6px 40px;\n    margin: 0;\n    padding: 0;\n  }\n\n  @media (min-width: 700px) {\n    .member-grid {\n      grid-template-columns: repeat(2, 1fr);\n    }\n  }\n\n  @media (min-width: 1024px) {\n    .member-grid {\n      grid-template-columns: repeat(3, 1fr);\n    }\n  }\n\n  .member-col {\n    list-style: none !important;\n    margin: 0;\n    padding: 0;\n  }\n\n  .member-col li {\n    list-style: none !important;\n    margin: 3px 0;\n    line-height: 1.4;\n  }\n\n  .member-col li::marker,\n  .member-col li:before {\n    content: none !important;\n    display: none !important;\n  }\n\n  .member-col a {\n    color: #b3835b !important;\n    text-decoration: none;\n    font-weight: 500;\n  }\n\n  .member-col a:hover,\n  .member-col a:focus {\n    text-decoration: underline;\n  }\n\n  .member-col span {\n    color: #b3835b !important;\n    font-weight: 500;\n  }\n<\/style>\n\n<div class=\"member-wrap\">\n  <div class=\"member-grid\">\n\n    <!-- Veerg 1 -->\n    <ul class=\"member-col\">\n      <li><a href=\"https:\/\/www.4room.ee\" target=\"_blank\" rel=\"noopener noreferrer\">4ROOM O\u00dc<\/a><\/li>\n      <li><a href=\"https:\/\/www.agenda.ee\/\" target=\"_blank\" rel=\"noopener noreferrer\">AGENDA PRO O\u00dc<\/a><\/li>\n      <li><a href=\"https:\/\/alpek.ee\/\" target=\"_blank\" rel=\"noopener noreferrer\">Alpek O\u00dc<\/a><\/li>\n      <li><a href=\"https:\/\/andeston.ee\/\" target=\"_blank\" rel=\"noopener noreferrer\">Andeston O\u00dc<\/a><\/li>\n      <li><a href=\"https:\/\/www.pohjanmaan.fi\/antsla\" target=\"_blank\" rel=\"noopener noreferrer\">Antsla-Inno AS<\/a><\/li>\n      <li><a href=\"https:\/\/armarium.ee\/\" target=\"_blank\" rel=\"noopener noreferrer\">Armarium Studio O\u00dc<\/a><\/li>\n      <li><a href=\"https:\/\/www.baltic-forest.com\" target=\"_blank\" rel=\"noopener noreferrer\">Baltic Forest Components O\u00dc<\/a><\/li>\n      <li><a href=\"https:\/\/www.bellus.com\/\" target=\"_blank\" rel=\"noopener noreferrer\">Bellus Furniture O\u00dc<\/a><\/li>\n      <li><a href=\"https:\/\/carpenter.com\/\" target=\"_blank\" rel=\"noopener noreferrer\">Carpenter Engineered Foams O\u00dc<\/a><\/li>\n      <li><a href=\"https:\/\/upholstery.ee\/et\" target=\"_blank\" rel=\"noopener noreferrer\">Contract Upholstery O\u00dc<\/a><\/li>\n      <li><a href=\"https:\/\/www.dambis.ee\/\" target=\"_blank\" rel=\"noopener noreferrer\">DAMBIS EESTI O\u00dc<\/a><\/li>\n      <li><a href=\"https:\/\/www.duoline.ee\/\" target=\"_blank\" rel=\"noopener noreferrer\">Duo-Line O\u00dc<\/a><\/li>\n      <li><a href=\"https:\/\/www.ermatiko.ee\" target=\"_blank\" rel=\"noopener noreferrer\">Ermatiko O\u00dc<\/a><\/li>\n      <li><a href=\"https:\/\/fittedfabrics.ee\/\" target=\"_blank\" rel=\"noopener noreferrer\">Fitted Fabrics O\u00dc<\/a><\/li>\n      <li><a href=\"https:\/\/hypnos.ee\/meist\/\" target=\"_blank\" rel=\"noopener noreferrer\">Furnico O\u00dc<\/a><\/li>\n      <li><a href=\"https:\/\/harviker.ee\/\" target=\"_blank\" rel=\"noopener noreferrer\">HARVIKER O\u00dc<\/a><\/li>\n    <\/ul>\n\n    <!-- Veerg 2 -->\n    <ul class=\"member-col\">\n      <li><a href=\"https:\/\/www.hellandbaltic.com\/\" target=\"_blank\" rel=\"noopener noreferrer\">Helland Baltic O\u00dc<\/a><\/li>\n      <li><a href=\"https:\/\/hodes.ee\/\" target=\"_blank\" rel=\"noopener noreferrer\">Hodes O\u00dc<\/a><\/li>\n      <li><a href=\"https:\/\/www.kitmanthulema.ee\/\" target=\"_blank\" rel=\"noopener noreferrer\">Kitman Thulema AS<\/a><\/li>\n      <li><a href=\"https:\/\/www.lsosisustus.ee\/et\/\" target=\"_blank\" rel=\"noopener noreferrer\">LSO Sisustus O\u00dc<\/a><\/li>\n      <li><a href=\"https:\/\/psisisustus.ee\/\" target=\"_blank\" rel=\"noopener noreferrer\">M.F.LEMING O\u00dc<\/a><\/li>\n      <li><a href=\"https:\/\/mainerplus.ee\/\" target=\"_blank\" rel=\"noopener noreferrer\">MainerPlus O\u00dc<\/a><\/li>\n      <li><a href=\"https:\/\/futerno.com\/\" target=\"_blank\" rel=\"noopener noreferrer\">Marmi Futerno O\u00dc<\/a><\/li>\n      <li><a href=\"https:\/\/mass.ee\/\" target=\"_blank\" rel=\"noopener noreferrer\">Mass AS<\/a><\/li>\n      <li><a href=\"https:\/\/modelmetal.ee\/\" target=\"_blank\" rel=\"noopener noreferrer\">Model Metal O\u00dc<\/a><\/li>\n      <li><a href=\"https:\/\/www.motor.ee\/\" target=\"_blank\" rel=\"noopener noreferrer\">MOTOR O\u00dc<\/a><\/li>\n      <li><a href=\"https:\/\/nobe-interiors.com\/et\/\" target=\"_blank\" rel=\"noopener noreferrer\">NBFI Production O\u00dc<\/a><\/li>\n      <li><a href=\"https:\/\/nevotex.ee\/\" target=\"_blank\" rel=\"noopener noreferrer\">Nevotex Eesti O\u00dc<\/a><\/li>\n      <li><span>Northernwood O\u00dc<\/span><\/li>\n      <li><a href=\"http:\/\/www.paisuots.ee\/tutvustus.html\" target=\"_blank\" rel=\"noopener noreferrer\">Paisuots O\u00dc<\/a><\/li>\n      <li><a href=\"https:\/\/plaatdetail.ee\/\" target=\"_blank\" rel=\"noopener noreferrer\">PLAAT DETAIL O\u00dc<\/a><\/li>\n      <li><a href=\"http:\/\/polstergeist.ee\/\" target=\"_blank\" rel=\"noopener noreferrer\">Polstergeist O\u00dc<\/a><\/li>\n    <\/ul>\n\n    <!-- Veerg 3 -->\n    <ul class=\"member-col\">\n      <li><a href=\"https:\/\/www.projecta.ee\/\" target=\"_blank\" rel=\"noopener noreferrer\">Projecta Balti O\u00dc<\/a><\/li>\n      <li><a href=\"https:\/\/www.rasun.ee\/et\" target=\"_blank\" rel=\"noopener noreferrer\">RA SUN O\u00dc<\/a><\/li>\n      <li><a href=\"https:\/\/radis.ee\/\" target=\"_blank\" rel=\"noopener noreferrer\">Radis O\u00dc<\/a><\/li>\n      <li><a href=\"https:\/\/repston.ee\/et\/\" target=\"_blank\" rel=\"noopener noreferrer\">REPSTON O\u00dc<\/a><\/li>\n      <li><span>Sirkel Fabrics O\u00dc<\/span><\/li>\n      <li><a href=\"https:\/\/estmoobel.ee\/\" target=\"_blank\" rel=\"noopener noreferrer\">Sons O\u00dc<\/a><\/li>\n      <li><a href=\"https:\/\/www.standard.ee\/\" target=\"_blank\" rel=\"noopener noreferrer\">STANDARD AS<\/a><\/li>\n      <li><a href=\"https:\/\/sunship.ee\/et\/\" target=\"_blank\" rel=\"noopener noreferrer\">SunShip O\u00dc<\/a><\/li>\n      <li><span>Superhead O\u00dc<\/span><\/li>\n      <li><a href=\"https:\/\/syntema.ee\/\" target=\"_blank\" rel=\"noopener noreferrer\">SYNTEMA AS<\/a><\/li>\n      <li><a href=\"https:\/\/www.thermory.com\" target=\"_blank\" rel=\"noopener noreferrer\">Thermory AS<\/a><\/li>\n      <li><a href=\"https:\/\/thuka.com\/?page_id=39\" target=\"_blank\" rel=\"noopener noreferrer\">Thuka Nordwood AS<\/a><\/li>\n      <li><a href=\"https:\/\/www.vbh.ee\" target=\"_blank\" rel=\"noopener noreferrer\">VBH Estonia O\u00dc<\/a><\/li>\n      <li><a href=\"https:\/\/www.velma.ee\/\" target=\"_blank\" rel=\"noopener noreferrer\">Velma M\u00f6\u00f6bel O\u00dc<\/a><\/li>\n      <li><a href=\"https:\/\/viidest.ee\/et\" target=\"_blank\" rel=\"noopener noreferrer\">Viidest O\u00dc<\/a><\/li>\n    <\/ul>\n\n  <\/div>\n<\/div>\n\n\n\n<div class=\"wp-block-cover fullwidth-image\"><span aria-hidden=\"true\" class=\"wp-block-cover__background has-background-dim\"><\/span><img loading=\"lazy\" decoding=\"async\" width=\"2560\" height=\"1515\" class=\"wp-block-cover__image-background wp-image-5571\" alt=\"\" src=\"https:\/\/furnitureindustry.ee\/wp-content\/uploads\/2021\/04\/WERMO-AS_pilt-scaled.jpg\" data-object-fit=\"cover\" srcset=\"https:\/\/furnitureindustry.ee\/wp-content\/uploads\/2021\/04\/WERMO-AS_pilt-scaled.jpg 2560w, https:\/\/furnitureindustry.ee\/wp-content\/uploads\/2021\/04\/WERMO-AS_pilt-300x178.jpg 300w, https:\/\/furnitureindustry.ee\/wp-content\/uploads\/2021\/04\/WERMO-AS_pilt-1024x606.jpg 1024w, https:\/\/furnitureindustry.ee\/wp-content\/uploads\/2021\/04\/WERMO-AS_pilt-768x455.jpg 768w, https:\/\/furnitureindustry.ee\/wp-content\/uploads\/2021\/04\/WERMO-AS_pilt-1536x909.jpg 1536w, https:\/\/furnitureindustry.ee\/wp-content\/uploads\/2021\/04\/WERMO-AS_pilt-2048x1212.jpg 2048w, https:\/\/furnitureindustry.ee\/wp-content\/uploads\/2021\/04\/WERMO-AS_pilt-84x50.jpg 84w, https:\/\/furnitureindustry.ee\/wp-content\/uploads\/2021\/04\/WERMO-AS_pilt-140x83.jpg 140w, https:\/\/furnitureindustry.ee\/wp-content\/uploads\/2021\/04\/WERMO-AS_pilt-540x320.jpg 540w, https:\/\/furnitureindustry.ee\/wp-content\/uploads\/2021\/04\/WERMO-AS_pilt-600x355.jpg 600w\" sizes=\"auto, (max-width: 2560px) 100vw, 2560px\" \/><div class=\"wp-block-cover__inner-container is-layout-constrained wp-block-cover-is-layout-constrained\">\n<p class=\"has-text-align-center has-large-font-size\"><\/p>\n<\/div><\/div>\n\n\n\n<h1 class=\"wp-block-heading has-text-align-center\">Supporting Members<\/h1>\n\n\n\n<style>\n.supporter-wrap {\n  max-width: 1200px;\n  margin: 40px auto 60px;\n  padding: 0 20px;\n}\n\n.supporter-grid {\n  display: grid;\n  grid-template-columns: repeat(3, 1fr);\n  gap: 6px 40px;\n}\n\n.supporter-col {\n  list-style: none !important;\n  padding: 0;\n  margin: 0;\n}\n\n.supporter-col li {\n  list-style: none !important;\n  margin: 4px 0;\n}\n\n.supporter-col li::marker,\n.supporter-col li::before {\n  content: none !important;\n  display: none !important;\n}\n\n.supporter-col a {\n  color: #b3835b !important;\n  text-decoration: none;\n  font-weight: 500;\n}\n\n.supporter-col a:hover {\n  text-decoration: underline;\n}\n<\/style>\n\n<div class=\"supporter-wrap\">\n  <div class=\"supporter-grid\">\n\n    <!-- VEERG 1 -->\n    <ul class=\"supporter-col\">\n      <li><a href=\"https:\/\/www.emu.ee\/\">Eesti Maa\u00fclikool<\/a><\/li>\n      <li><a href=\"https:\/\/hkhk.edu.ee\/et\">Haapsalu Kutsehariduskeskus<\/a><\/li>\n      <li><a href=\"https:\/\/www.ametikool.ee\/et\">Kuressaare Ametikool<\/a><\/li>\n      <li><a href=\"https:\/\/pallasart.ee\/\">K\u00f5rgem Kunstikool Pallas<\/a><\/li>\n    <\/ul>\n\n    <!-- VEERG 2 -->\n    <ul class=\"supporter-col\">\n      <li><a href=\"https:\/\/www.hariduskeskus.ee\/\">P\u00e4rnumaa Kutsehariduskeskus<\/a><\/li>\n      <li><a href=\"https:\/\/www.rak.ee\/et\">Rakvere Ametikool<\/a><\/li>\n      <li><a href=\"https:\/\/www.ehituskool.ee\/et\">Tallinna Ehituskool<\/a><\/li>\n      <li><a href=\"https:\/\/taltech.ee\">Tallinna Tehnika\u00fclikool<\/a><\/li>\n    <\/ul>\n\n    <!-- VEERG 3 -->\n    <ul class=\"supporter-col\">\n      <li><a href=\"https:\/\/www.vkok.ee\/et\">Valgamaa Kutse\u00f5ppekeskus<\/a><\/li>\n      <li><a href=\"https:\/\/www.vkok.ee\/et\">Viljandi Kutse\u00f5ppekeskus<\/a><\/li>\n      <li><a href=\"https:\/\/www.ewers.ee\/et\">V\u00f5rumaa Haridus- ja Tehnoloogiakeskus<\/a><\/li>\n    <\/ul>\n\n  <\/div>\n<\/div>","protected":false},"excerpt":{"rendered":"<p>4ROOM O\u00dc AGENDA PRO O\u00dc Alpek O\u00dc Andeston O\u00dc Antsla-Inno AS Armarium Studio O\u00dc Baltic Forest Components O\u00dc Bellus Furniture O\u00dc Carpenter Engineered Foams O\u00dc Contract Upholstery O\u00dc DAMBIS EESTI O\u00dc Duo-Line O\u00dc Ermatiko O\u00dc Fitted Fabrics O\u00dc Furnico O\u00dc HARVIKER O\u00dc Helland Baltic O\u00dc Hodes O\u00dc Kitman Thulema AS LSO Sisustus O\u00dc M.F.LEMING O\u00dc [&hellip;]<\/p>\n","protected":false},"author":3,"featured_media":0,"parent":0,"menu_order":0,"comment_status":"closed","ping_status":"closed","template":"","meta":{"_mi_skip_tracking":false,"_exactmetrics_sitenote_active":false,"_exactmetrics_sitenote_note":"","_exactmetrics_sitenote_category":0,"footnotes":""},"class_list":["post-6875","page","type-page","status-publish","hentry"],"_links":{"self":[{"href":"https:\/\/furnitureindustry.ee\/en\/wp-json\/wp\/v2\/pages\/6875","targetHints":{"allow":["GET"]}}],"collection":[{"href":"https:\/\/furnitureindustry.ee\/en\/wp-json\/wp\/v2\/pages"}],"about":[{"href":"https:\/\/furnitureindustry.ee\/en\/wp-json\/wp\/v2\/types\/page"}],"author":[{"embeddable":true,"href":"https:\/\/furnitureindustry.ee\/en\/wp-json\/wp\/v2\/users\/3"}],"replies":[{"embeddable":true,"href":"https:\/\/furnitureindustry.ee\/en\/wp-json\/wp\/v2\/comments?post=6875"}],"version-history":[{"count":53,"href":"https:\/\/furnitureindustry.ee\/en\/wp-json\/wp\/v2\/pages\/6875\/revisions"}],"predecessor-version":[{"id":7585,"href":"https:\/\/furnitureindustry.ee\/en\/wp-json\/wp\/v2\/pages\/6875\/revisions\/7585"}],"wp:attachment":[{"href":"https:\/\/furnitureindustry.ee\/en\/wp-json\/wp\/v2\/media?parent=6875"}],"curies":[{"name":"wp","href":"https:\/\/api.w.org\/{rel}","templated":true}]}}