{"id":7293,"date":"2025-12-19T13:00:44","date_gmt":"2025-12-19T11:00:44","guid":{"rendered":"https:\/\/furnitureindustry.ee\/?page_id=7293"},"modified":"2025-12-19T13:13:30","modified_gmt":"2025-12-19T11:13:30","slug":"eis","status":"publish","type":"page","link":"https:\/\/furnitureindustry.ee\/en\/eis\/","title":{"rendered":"EIS"},"content":{"rendered":"<p>The Estonian Furniture Industry Association is implementing two projects with the support of the Estonian Business and Innovation Agency (EIS), aimed at strengthening the association\u2019s development capacity and supporting the international competitiveness of Estonian furniture industry companies.<\/p>\n\n\n\n<hr class=\"wp-block-separator has-alpha-channel-opacity\"\/>\n\n\n\n<h3 class=\"wp-block-heading\">Project \u201cDevelopment Advisor at the Estonian Furniture Industry Association\u201d<\/h3>\n\n\n\n<p><strong>Project overview:<\/strong><br>By engaging a development advisor, the Estonian Furniture Industry Association supports the growth of research and development activities and innovation capacity of its member companies, in line with the objectives of the TAIE Development Plan 2021\u20132035.<\/p>\n\n\n\n<p>Project activities are aimed at increasing awareness of RDI (research, development and innovation) within the association and its members, preparing development initiatives, and strengthening cooperation between companies, research institutions, and other partners.<\/p>\n\n\n\n<p>The Estonian Furniture Industry Association is a partner in the programme of the Estonian Business and Innovation Agency (EIS) in the implementation of the project <strong>\u201cIncreasing entrepreneurs\u2019 awareness of RDI and strengthening RDI capabilities\u201d<\/strong> raames.<\/p>\n\n\n\n<p><strong>Project duration:<\/strong><br><strong>18.08.2025 \u2013 17.08.2027<\/strong><\/p>\n\n\n\n<p><strong>Project budget:<\/strong><br>Total project cost: <strong>102,000 euros<\/strong>, of which<br>the grant amounts to <strong>51,000 euros<\/strong> (50%)<br>co-financing: <strong>51,000 euros<\/strong> (50%)<\/p>\n\n\n\n<hr class=\"wp-block-separator has-alpha-channel-opacity\"\/>\n\n\n\n<h3 class=\"wp-block-heading\">Project \u201cPromoting the internationalisation of EMTL members\u201d<\/h3>\n\n\n\n<p><strong>Project overview:<\/strong><br>The project is aimed at supporting the internationalisation and export capacity development of members of the Estonian Furniture Industry Association, as well as increasing the international visibility of the sector.<\/p>\n\n\n\n<p>Project activities include mapping and analysing target markets, developing joint value propositions and marketing materials, participating in international trade fairs and events, and engaging international expertise.<\/p>\n\n\n\n<p>The project is implemented with the support of the Estonian Business and Innovation Agency (EIS) under the measure <strong>\u201cPromoting the internationalisation of industry associations.\u201d<\/strong> raames.<\/p>\n\n\n\n<p><strong>Project duration:<\/strong><br>01.10.2025 \u2013 01.10.2027<\/p>\n\n\n\n<p><strong>Project budget:<\/strong><br>Total project cost: <strong>300 000 eurot<\/strong>, of which<br>the grant amounts to <strong>150 000 eurot<\/strong> (50%)<br>co-financing: <strong>150 000 eurot<\/strong> (50%)<\/p>","protected":false},"excerpt":{"rendered":"<p>Eesti M\u00f6\u00f6blitootjate Liit viib Ettev\u00f5tluse ja Innovatsiooni Sihtasutuse (EIS) toetusel ellu kahte projekti, mille eesm\u00e4rk on tugevdada liidu arendusv\u00f5imekust ning toetada Eesti m\u00f6\u00f6blit\u00f6\u00f6stuse ettev\u00f5tete rahvusvahelist konkurentsiv\u00f5imet. Projekt \u201eArendusn\u00f5unik Eesti M\u00f6\u00f6blitootjate Liidus\u201c Projekti l\u00fchiinfo:Arendusn\u00f5uniku kaasamisega toetab Eesti M\u00f6\u00f6blitootjate Liit oma liikmesettev\u00f5tete teadus- ja arendustegevuse ning innovatsiooniv\u00f5imekuse kasvu koosk\u00f5las TAIE arengukava 2021\u20132035 eesm\u00e4rkidega. Projekti tegevused on suunatud [&hellip;]<\/p>\n","protected":false},"author":3,"featured_media":0,"parent":0,"menu_order":0,"comment_status":"closed","ping_status":"closed","template":"","meta":{"_mi_skip_tracking":false,"_exactmetrics_sitenote_active":false,"_exactmetrics_sitenote_note":"","_exactmetrics_sitenote_category":0,"footnotes":""},"class_list":["post-7293","page","type-page","status-publish","hentry"],"_links":{"self":[{"href":"https:\/\/furnitureindustry.ee\/en\/wp-json\/wp\/v2\/pages\/7293","targetHints":{"allow":["GET"]}}],"collection":[{"href":"https:\/\/furnitureindustry.ee\/en\/wp-json\/wp\/v2\/pages"}],"about":[{"href":"https:\/\/furnitureindustry.ee\/en\/wp-json\/wp\/v2\/types\/page"}],"author":[{"embeddable":true,"href":"https:\/\/furnitureindustry.ee\/en\/wp-json\/wp\/v2\/users\/3"}],"replies":[{"embeddable":true,"href":"https:\/\/furnitureindustry.ee\/en\/wp-json\/wp\/v2\/comments?post=7293"}],"version-history":[{"count":2,"href":"https:\/\/furnitureindustry.ee\/en\/wp-json\/wp\/v2\/pages\/7293\/revisions"}],"predecessor-version":[{"id":7298,"href":"https:\/\/furnitureindustry.ee\/en\/wp-json\/wp\/v2\/pages\/7293\/revisions\/7298"}],"wp:attachment":[{"href":"https:\/\/furnitureindustry.ee\/en\/wp-json\/wp\/v2\/media?parent=7293"}],"curies":[{"name":"wp","href":"https:\/\/api.w.org\/{rel}","templated":true}]}}