{"id":770,"date":"2014-03-20T04:49:24","date_gmt":"2014-03-20T04:49:24","guid":{"rendered":"http:\/\/furnitureindustry.ee\/?page_id=770"},"modified":"2017-07-05T13:50:08","modified_gmt":"2017-07-05T10:50:08","slug":"magistriope","status":"publish","type":"page","link":"https:\/\/furnitureindustry.ee\/en\/magistriope\/","title":{"rendered":"Magistri\u00f5pe"},"content":{"rendered":"<p><strong><span style=\"line-height: 1.5em;\">Rahvusvaheline magistri\u00f5ppekava<\/span><\/strong><\/p>\n<p><strong><span style=\"line-height: 1.5em;\">Puidu- ja plastitehnoloogia<br \/>\n<\/span><\/strong><\/p>\n<p>Tule \u00f5pi TT\u00dc Puidu- ja plastitehnoloogia magistri\u00f5ppekaval (puidutehnoloogia spetsialiseerumisega). Inglise keelsel \u00f5ppekaval on sellel aastal kokku 20 tasuta kohta. Tegemist on erialaga, mis tagab tulevikus h\u00e4sti tasutatud t\u00f6\u00f6koha. Meie erialal on v\u00e4ga hea koost\u00f6\u00f6 puidu, m\u00f6\u00f6bli-ja puitmaja t\u00f6\u00f6stuse ettev\u00f5tetega. Toimub palju ekskursioone, head praktikakohad, teeme tootearendusprojekte ja \u00f5ppekaval on k\u00fclalislektorid t\u00f6\u00f6stusest. Igal aastal premeerib Eesti M\u00f6\u00f6blitootjate Liit<span class=\"text_exposed_show\">\u00a0parimat 2. a. magistranti \u00f5pitulemuste alusel 2000\u20ac ja Eesti Metsa-ja Puidut\u00f6\u00f6stuse Liit parimat l\u00f5petajat 600\u20ac. Puidu- ja plastitehnoloogia eriala sobib h\u00e4sti loomingulistele inimestele, andes v\u00f5imaluse eneseteostuseks rahvusvahelises tiimis ideede genereerimisest ja kavandamisest kuni l\u00f5pptoote valmistamiseni v\u00e4lja.<br \/>\nPeale l\u00f5petamist ootab Sind Eesti suurim t\u00f6\u00f6stussektor v\u00e4ga h\u00e4sti tasustatud t\u00f6\u00f6kohtadega \u00fcle Eesti!<br \/>\nEriala sobib nii neidudele kui noormeestele. K\u00f5ik l\u00f5petajad on leidnud endale erialased t\u00f6\u00f6kohad projektijuhina, projekteerijana, tootearendusinseneri, tehnoloogi, tootmis-, m\u00fc\u00fcgi-, ostu-, kvaliteedi- ja arendusjuhina. Meie l\u00f5petajad t\u00f6\u00f6tavad ettev\u00f5tetes \u00fcle Eesti: Estonian Cell AS, AS Standard, AS Sarkop, Plaat Detail O\u00dc, Tarmeko LPD O\u00dc, Kohila Vineer O\u00dc, Valmos O\u00dc, Combimill Vaida O\u00dc, EVo Design O\u00dc, Kitman Thulema AS, Neiseri Grupp AS, Antsla Inno AS, Balti Spoon O\u00dc, Tekstuur O\u00dc.<br \/>\nLisaks annab inglise keelne \u00f5pe v\u00e4ga hea eelise t\u00f6\u00f6tamiseks rahvusvahelises ettev\u00f5ttes nii Eestis kui v\u00e4lismaal. Meie l\u00f5petajate k\u00f5ige kaugemate t\u00f6\u00f6kohariikidena v\u00f5ib v\u00e4lja tuua USA, Kanada, Singapur, India, Hiina, Pakistan, Nigeeria, jt .<\/span><\/p>\n<div class=\"text_exposed_show\">\n<p>Vastuv\u00f5tt kestab 26. juuni\u20135. juuli (kuni kell 15.00).<\/p>\n<p>Lisainfo sisseastumise kohta:<br \/>\n<a href=\"https:\/\/l.facebook.com\/l.php?u=http%3A%2F%2Fwww.ttu.ee%2Fsisseastujale&amp;h=ATM0WWMdRvFP7Jj33jVtlgOwi1K6t5mpTyQkoagvcpom9YtWsCi7gclhB0D7F4iZipP5YLtagMQ0CSYUN4zLLB1OmLwkvz8lrP4KkaLCzfdXRzMn5PEz_Bw9eTTPZ73_UzPDgz5Qd7lb0uIQLAM-A2IQlA&amp;enc=AZNSmvQPkUGUD2r9k4Dm7qGC_xG7rc6CN_N1VIAKV-x4oU3v4hmRjDKyZTJr774bIadeNJlkkvD-PEyeanqjRa5jD42lDR40jomzBBbAOYIrmSq2FnxgIlfso1LbrknVn3c8dK1xUTjoKeApIz0f6wpT5QoHS0pshABv5ne4Y0j8H2XKYioLGPR_GNq_pRCRQSm2QaG2FhlVM6DTS5TvKsxi&amp;s=1\" target=\"_blank\" rel=\"nofollow noopener noreferrer\">www.ttu.ee\/sisseastujale<\/a><br \/>\n<a href=\"http:\/\/www.ttu.ee\/puidu-ja-plastitehnoloogia\/\" target=\"_blank\" rel=\"nofollow noopener noreferrer\">www.ttu.ee\/puidu-ja-plastitehnoloogia\/<\/a><\/p>\n<p>Parimad uued tudengid saavad erialastipendiumi\u00a0160EUR kuus:\u00a0<a href=\"https:\/\/ttu.ee\/tehnikaulikooli-42-oppekava-parimad-uued-tudengid-hakkavad-saama-erialastipendiumit\" target=\"_blank\" rel=\"noopener noreferrer\">VAATA SIIT<\/a><\/p>\n<\/div>\n<p><a href=\"http:\/\/furnitureindustry.ee\/wp-content\/uploads\/2014\/03\/TTY_MA_TWP_2013_web.pdf\">Infovoldik ENG<\/a>\u00a0(PDF)<\/p>\n<p>Kandideerimine:\u00a0<a href=\"http:\/\/www.sais.ee\/\" target=\"_blank\" rel=\"noopener noreferrer\">SAIS<\/a><\/p>","protected":false},"excerpt":{"rendered":"<p>Rahvusvaheline magistri\u00f5ppekava Puidu- ja plastitehnoloogia Tule \u00f5pi TT\u00dc Puidu- ja plastitehnoloogia magistri\u00f5ppekaval (puidutehnoloogia spetsialiseerumisega). Inglise keelsel \u00f5ppekaval on sellel aastal kokku 20 tasuta kohta. Tegemist on erialaga, mis tagab tulevikus h\u00e4sti tasutatud t\u00f6\u00f6koha. Meie erialal on v\u00e4ga hea koost\u00f6\u00f6 puidu, m\u00f6\u00f6bli-ja puitmaja t\u00f6\u00f6stuse ettev\u00f5tetega. Toimub palju ekskursioone, head praktikakohad, teeme tootearendusprojekte ja \u00f5ppekaval on k\u00fclalislektorid [&hellip;]<\/p>\n","protected":false},"author":3,"featured_media":0,"parent":0,"menu_order":0,"comment_status":"closed","ping_status":"open","template":"","meta":{"_mi_skip_tracking":false,"_exactmetrics_sitenote_active":false,"_exactmetrics_sitenote_note":"","_exactmetrics_sitenote_category":0,"footnotes":""},"class_list":["post-770","page","type-page","status-publish","hentry"],"_links":{"self":[{"href":"https:\/\/furnitureindustry.ee\/en\/wp-json\/wp\/v2\/pages\/770","targetHints":{"allow":["GET"]}}],"collection":[{"href":"https:\/\/furnitureindustry.ee\/en\/wp-json\/wp\/v2\/pages"}],"about":[{"href":"https:\/\/furnitureindustry.ee\/en\/wp-json\/wp\/v2\/types\/page"}],"author":[{"embeddable":true,"href":"https:\/\/furnitureindustry.ee\/en\/wp-json\/wp\/v2\/users\/3"}],"replies":[{"embeddable":true,"href":"https:\/\/furnitureindustry.ee\/en\/wp-json\/wp\/v2\/comments?post=770"}],"version-history":[{"count":11,"href":"https:\/\/furnitureindustry.ee\/en\/wp-json\/wp\/v2\/pages\/770\/revisions"}],"predecessor-version":[{"id":3989,"href":"https:\/\/furnitureindustry.ee\/en\/wp-json\/wp\/v2\/pages\/770\/revisions\/3989"}],"wp:attachment":[{"href":"https:\/\/furnitureindustry.ee\/en\/wp-json\/wp\/v2\/media?parent=770"}],"curies":[{"name":"wp","href":"https:\/\/api.w.org\/{rel}","templated":true}]}}